{"id":519,"date":"2021-10-09T17:48:55","date_gmt":"2021-10-09T15:48:55","guid":{"rendered":"https:\/\/hemflake.eu\/kontakt\/"},"modified":"2023-09-05T11:11:23","modified_gmt":"2023-09-05T08:11:23","slug":"kontakt","status":"publish","type":"page","link":"https:\/\/hemflake.eu\/de\/kontakt\/","title":{"rendered":"Kontakt"},"content":{"rendered":"\n<h2 class=\"wp-block-heading has-text-align-center\">Wenn Sie unsere Produkte gern als Weiterverk\u00e4ufer oder in Ihrem Gesch\u00e4ft anbieten m\u00f6chten, kontaktieren Sie uns gern!<\/h2>\n\n<div style=\"height:100px\" aria-hidden=\"true\" class=\"wp-block-spacer\"><\/div>\n\n<div class=\"wp-block-columns is-layout-flex wp-container-core-columns-is-layout-9d6595d7 wp-block-columns-is-layout-flex\">\n<div class=\"wp-block-column is-layout-flow wp-block-column-is-layout-flow\"><div class=\"wpforms-container wpforms-container-full wpforms-block\" id=\"wpforms-450\"><form id=\"wpforms-form-450\" class=\"wpforms-validate wpforms-form wpforms-ajax-form\" data-formid=\"450\" method=\"post\" enctype=\"multipart\/form-data\" action=\"\/de\/wp-json\/wp\/v2\/pages\/519\" data-token=\"9d444ed46eb09930ed98e315c0e33dda\" data-token-time=\"1776862063\"><noscript class=\"wpforms-error-noscript\">Bitte aktiviere JavaScript in deinem Browser, um dieses Formular fertigzustellen.<\/noscript><div class=\"wpforms-field-container\"><div id=\"wpforms-450-field_0-container\" class=\"wpforms-field wpforms-field-name\" data-field-id=\"0\"><label class=\"wpforms-field-label\" for=\"wpforms-450-field_0\">Name <span class=\"wpforms-required-label\">*<\/span><\/label><input type=\"text\" id=\"wpforms-450-field_0\" class=\"wpforms-field-medium wpforms-field-required\" name=\"wpforms[fields][0]\" required><\/div><div id=\"wpforms-450-field_1-container\" class=\"wpforms-field wpforms-field-email\" data-field-id=\"1\"><label class=\"wpforms-field-label\" for=\"wpforms-450-field_1\">Email <span class=\"wpforms-required-label\">*<\/span><\/label><input type=\"email\" id=\"wpforms-450-field_1\" class=\"wpforms-field-medium wpforms-field-required\" name=\"wpforms[fields][1]\" spellcheck=\"false\" required><\/div><div id=\"wpforms-450-field_2-container\" class=\"wpforms-field wpforms-field-textarea\" data-field-id=\"2\"><label class=\"wpforms-field-label\" for=\"wpforms-450-field_2\">Comment or Message <span class=\"wpforms-required-label\">*<\/span><\/label><textarea id=\"wpforms-450-field_2\" class=\"wpforms-field-medium wpforms-field-required\" name=\"wpforms[fields][2]\" required><\/textarea><\/div><\/div><!-- .wpforms-field-container --><div class=\"wpforms-recaptcha-container wpforms-is-recaptcha wpforms-is-recaptcha-type-invisible\" ><div class=\"g-recaptcha\" data-sitekey=\"6Lf8E2McAAAAAJjXTvm5qfJpCb54mRUCjq5YbKip\" data-size=\"invisible\"><\/div><\/div><div class=\"wpforms-submit-container\" ><input type=\"hidden\" name=\"wpforms[id]\" value=\"450\"><input type=\"hidden\" name=\"page_title\" value=\"\"><input type=\"hidden\" name=\"page_url\" value=\"https:\/\/hemflake.eu\/de\/wp-json\/wp\/v2\/pages\/519\"><input type=\"hidden\" name=\"url_referer\" value=\"\"><button type=\"submit\" name=\"wpforms[submit]\" id=\"wpforms-submit-450\" class=\"wpforms-submit\" data-alt-text=\"Sending...\" data-submit-text=\"Submit\" aria-live=\"assertive\" value=\"wpforms-submit\">Submit<\/button><img decoding=\"async\" src=\"https:\/\/hemflake.eu\/wp-content\/plugins\/wpforms-lite\/assets\/images\/submit-spin.svg\" class=\"wpforms-submit-spinner\" style=\"display: none;\" width=\"26\" height=\"26\" alt=\"Wird geladen\"><\/div><\/form><\/div>  <!-- .wpforms-container --><\/div>\n\n\n\n<div class=\"wp-block-column is-layout-flow wp-block-column-is-layout-flow\">\n<p><strong>Nordic Hemp Cooperation<br\/><\/strong>(reg. 14209057)<\/p>\n\n\n\n<p>Vabriku 3A, Vahi, Tartumaa, 60534, Estland<br\/>E-Mail: <a href=\"mailto:info@hemflake.eu\">info@hemflake.eu<\/a><br\/>Tel: +372 5363 8527<\/p>\n<\/div>\n<\/div>\n","protected":false},"excerpt":{"rendered":"<p>Wenn Sie unsere Produkte gern als Weiterverk\u00e4ufer oder in Ihrem Gesch\u00e4ft anbieten m\u00f6chten, kontaktieren Sie uns gern! Nordic Hemp Cooperation(reg. 14209057) Vabriku 3A, Vahi, Tartumaa, 60534, EstlandE-Mail: info@hemflake.euTel: +372 5363 8527<\/p>\n","protected":false},"author":2,"featured_media":0,"parent":0,"menu_order":0,"comment_status":"closed","ping_status":"closed","template":"","meta":{"_kad_post_transparent":"","_kad_post_title":"","_kad_post_layout":"narrow","_kad_post_sidebar_id":"","_kad_post_content_style":"","_kad_post_vertical_padding":"","_kad_post_feature":"","_kad_post_feature_position":"","_kad_post_header":false,"_kad_post_footer":false,"footnotes":""},"class_list":["post-519","page","type-page","status-publish","hentry"],"yoast_head":"<!-- This site is optimized with the Yoast SEO plugin v27.3 - https:\/\/yoast.com\/product\/yoast-seo-wordpress\/ -->\n<title>Kontakt - Hemflake<\/title>\n<meta name=\"description\" content=\"Wenn Sie unsere Produkte gern als Weiterverk\u00e4ufer oder in Ihrem Gesch\u00e4ft anbieten m\u00f6chten, kontaktieren Sie uns gern! Wir produzieren den besten Hanf in Europa.\" \/>\n<meta name=\"robots\" content=\"index, follow, max-snippet:-1, max-image-preview:large, max-video-preview:-1\" \/>\n<link rel=\"canonical\" href=\"https:\/\/hemflake.eu\/de\/kontakt\/\" \/>\n<meta property=\"og:locale\" content=\"de_DE\" \/>\n<meta property=\"og:type\" content=\"article\" \/>\n<meta property=\"og:title\" content=\"Kontakt - Hemflake\" \/>\n<meta property=\"og:description\" content=\"Wenn Sie unsere Produkte gern als Weiterverk\u00e4ufer oder in Ihrem Gesch\u00e4ft anbieten m\u00f6chten, kontaktieren Sie uns gern! Wir produzieren den besten Hanf in Europa.\" \/>\n<meta property=\"og:url\" content=\"https:\/\/hemflake.eu\/de\/kontakt\/\" \/>\n<meta property=\"og:site_name\" content=\"Hemflake\" \/>\n<meta property=\"article:modified_time\" content=\"2023-09-05T08:11:23+00:00\" \/>\n<meta name=\"twitter:card\" content=\"summary_large_image\" \/>\n<script type=\"application\/ld+json\" class=\"yoast-schema-graph\">{\"@context\":\"https:\\\/\\\/schema.org\",\"@graph\":[{\"@type\":\"WebPage\",\"@id\":\"https:\\\/\\\/hemflake.eu\\\/de\\\/kontakt\\\/\",\"url\":\"https:\\\/\\\/hemflake.eu\\\/de\\\/kontakt\\\/\",\"name\":\"Kontakt - Hemflake\",\"isPartOf\":{\"@id\":\"https:\\\/\\\/hemflake.eu\\\/de\\\/#website\"},\"datePublished\":\"2021-10-09T15:48:55+00:00\",\"dateModified\":\"2023-09-05T08:11:23+00:00\",\"description\":\"Wenn Sie unsere Produkte gern als Weiterverk\u00e4ufer oder in Ihrem Gesch\u00e4ft anbieten m\u00f6chten, kontaktieren Sie uns gern! Wir produzieren den besten Hanf in Europa.\",\"breadcrumb\":{\"@id\":\"https:\\\/\\\/hemflake.eu\\\/de\\\/kontakt\\\/#breadcrumb\"},\"inLanguage\":\"de\",\"potentialAction\":[{\"@type\":\"ReadAction\",\"target\":[\"https:\\\/\\\/hemflake.eu\\\/de\\\/kontakt\\\/\"]}]},{\"@type\":\"BreadcrumbList\",\"@id\":\"https:\\\/\\\/hemflake.eu\\\/de\\\/kontakt\\\/#breadcrumb\",\"itemListElement\":[{\"@type\":\"ListItem\",\"position\":1,\"name\":\"Hemflake\",\"item\":\"https:\\\/\\\/hemflake.eu\\\/de\\\/\"},{\"@type\":\"ListItem\",\"position\":2,\"name\":\"Kontakt\"}]},{\"@type\":\"WebSite\",\"@id\":\"https:\\\/\\\/hemflake.eu\\\/de\\\/#website\",\"url\":\"https:\\\/\\\/hemflake.eu\\\/de\\\/\",\"name\":\"Hemflake\",\"description\":\"\",\"publisher\":{\"@id\":\"https:\\\/\\\/hemflake.eu\\\/de\\\/#organization\"},\"potentialAction\":[{\"@type\":\"SearchAction\",\"target\":{\"@type\":\"EntryPoint\",\"urlTemplate\":\"https:\\\/\\\/hemflake.eu\\\/de\\\/?s={search_term_string}\"},\"query-input\":{\"@type\":\"PropertyValueSpecification\",\"valueRequired\":true,\"valueName\":\"search_term_string\"}}],\"inLanguage\":\"de\"},{\"@type\":\"Organization\",\"@id\":\"https:\\\/\\\/hemflake.eu\\\/de\\\/#organization\",\"name\":\"Hemflake\",\"url\":\"https:\\\/\\\/hemflake.eu\\\/de\\\/\",\"logo\":{\"@type\":\"ImageObject\",\"inLanguage\":\"de\",\"@id\":\"https:\\\/\\\/hemflake.eu\\\/de\\\/#\\\/schema\\\/logo\\\/image\\\/\",\"url\":\"https:\\\/\\\/hemflake.eu\\\/wp-content\\\/uploads\\\/2021\\\/08\\\/hemflake-headerlogo.png\",\"contentUrl\":\"https:\\\/\\\/hemflake.eu\\\/wp-content\\\/uploads\\\/2021\\\/08\\\/hemflake-headerlogo.png\",\"width\":915,\"height\":229,\"caption\":\"Hemflake\"},\"image\":{\"@id\":\"https:\\\/\\\/hemflake.eu\\\/de\\\/#\\\/schema\\\/logo\\\/image\\\/\"}}]}<\/script>\n<!-- \/ Yoast SEO plugin. -->","yoast_head_json":{"title":"Kontakt - Hemflake","description":"Wenn Sie unsere Produkte gern als Weiterverk\u00e4ufer oder in Ihrem Gesch\u00e4ft anbieten m\u00f6chten, kontaktieren Sie uns gern! Wir produzieren den besten Hanf in Europa.","robots":{"index":"index","follow":"follow","max-snippet":"max-snippet:-1","max-image-preview":"max-image-preview:large","max-video-preview":"max-video-preview:-1"},"canonical":"https:\/\/hemflake.eu\/de\/kontakt\/","og_locale":"de_DE","og_type":"article","og_title":"Kontakt - Hemflake","og_description":"Wenn Sie unsere Produkte gern als Weiterverk\u00e4ufer oder in Ihrem Gesch\u00e4ft anbieten m\u00f6chten, kontaktieren Sie uns gern! Wir produzieren den besten Hanf in Europa.","og_url":"https:\/\/hemflake.eu\/de\/kontakt\/","og_site_name":"Hemflake","article_modified_time":"2023-09-05T08:11:23+00:00","twitter_card":"summary_large_image","schema":{"@context":"https:\/\/schema.org","@graph":[{"@type":"WebPage","@id":"https:\/\/hemflake.eu\/de\/kontakt\/","url":"https:\/\/hemflake.eu\/de\/kontakt\/","name":"Kontakt - Hemflake","isPartOf":{"@id":"https:\/\/hemflake.eu\/de\/#website"},"datePublished":"2021-10-09T15:48:55+00:00","dateModified":"2023-09-05T08:11:23+00:00","description":"Wenn Sie unsere Produkte gern als Weiterverk\u00e4ufer oder in Ihrem Gesch\u00e4ft anbieten m\u00f6chten, kontaktieren Sie uns gern! Wir produzieren den besten Hanf in Europa.","breadcrumb":{"@id":"https:\/\/hemflake.eu\/de\/kontakt\/#breadcrumb"},"inLanguage":"de","potentialAction":[{"@type":"ReadAction","target":["https:\/\/hemflake.eu\/de\/kontakt\/"]}]},{"@type":"BreadcrumbList","@id":"https:\/\/hemflake.eu\/de\/kontakt\/#breadcrumb","itemListElement":[{"@type":"ListItem","position":1,"name":"Hemflake","item":"https:\/\/hemflake.eu\/de\/"},{"@type":"ListItem","position":2,"name":"Kontakt"}]},{"@type":"WebSite","@id":"https:\/\/hemflake.eu\/de\/#website","url":"https:\/\/hemflake.eu\/de\/","name":"Hemflake","description":"","publisher":{"@id":"https:\/\/hemflake.eu\/de\/#organization"},"potentialAction":[{"@type":"SearchAction","target":{"@type":"EntryPoint","urlTemplate":"https:\/\/hemflake.eu\/de\/?s={search_term_string}"},"query-input":{"@type":"PropertyValueSpecification","valueRequired":true,"valueName":"search_term_string"}}],"inLanguage":"de"},{"@type":"Organization","@id":"https:\/\/hemflake.eu\/de\/#organization","name":"Hemflake","url":"https:\/\/hemflake.eu\/de\/","logo":{"@type":"ImageObject","inLanguage":"de","@id":"https:\/\/hemflake.eu\/de\/#\/schema\/logo\/image\/","url":"https:\/\/hemflake.eu\/wp-content\/uploads\/2021\/08\/hemflake-headerlogo.png","contentUrl":"https:\/\/hemflake.eu\/wp-content\/uploads\/2021\/08\/hemflake-headerlogo.png","width":915,"height":229,"caption":"Hemflake"},"image":{"@id":"https:\/\/hemflake.eu\/de\/#\/schema\/logo\/image\/"}}]}},"_links":{"self":[{"href":"https:\/\/hemflake.eu\/de\/wp-json\/wp\/v2\/pages\/519","targetHints":{"allow":["GET"]}}],"collection":[{"href":"https:\/\/hemflake.eu\/de\/wp-json\/wp\/v2\/pages"}],"about":[{"href":"https:\/\/hemflake.eu\/de\/wp-json\/wp\/v2\/types\/page"}],"author":[{"embeddable":true,"href":"https:\/\/hemflake.eu\/de\/wp-json\/wp\/v2\/users\/2"}],"replies":[{"embeddable":true,"href":"https:\/\/hemflake.eu\/de\/wp-json\/wp\/v2\/comments?post=519"}],"version-history":[{"count":3,"href":"https:\/\/hemflake.eu\/de\/wp-json\/wp\/v2\/pages\/519\/revisions"}],"predecessor-version":[{"id":1140,"href":"https:\/\/hemflake.eu\/de\/wp-json\/wp\/v2\/pages\/519\/revisions\/1140"}],"wp:attachment":[{"href":"https:\/\/hemflake.eu\/de\/wp-json\/wp\/v2\/media?parent=519"}],"curies":[{"name":"wp","href":"https:\/\/api.w.org\/{rel}","templated":true}]}}