{"id":638,"date":"2021-10-06T14:43:35","date_gmt":"2021-10-28T12:04:09","guid":{"rendered":"https:\/\/hemflake.eu\/shop\/hanfoel\/"},"modified":"2023-09-07T11:23:18","modified_gmt":"2023-09-07T08:23:18","slug":"hanfol","status":"publish","type":"product","link":"https:\/\/hemflake.eu\/de\/shop\/hanfol\/","title":{"rendered":"Hanf\u00f6l"},"content":{"rendered":"<p>Wir verwandeln Hanfsamen aus \u00f6kologischem Anbau in kaltgepresstes Hanf\u00f6l. Durch die Kaltpressung bewahren wir die ganzen gesunden N\u00e4hrstoffe &#8211; Omega-3-, Omega-6-, und Omega-9-Fetts\u00e4uren sowie andere Vitamine.<\/p>\n<p>Hanf\u00f6l ist nicht nur eine leckere Lebensmittelzutat, sondern auch ein guter Immun-Booster und nat\u00fcrliches Heilmittel f\u00fcr deine Haut.<\/p>\n<p>F\u00fcr <a href=\"https:\/\/hemflake.eu\/recipe\/\">Salate<\/a>, Gem\u00fcse, Pizza, Hummus oder sogar Eiscreme ist Hanf\u00f6l perfekt geeignet, da es deinem Lieblingsessen eine leckere, nussige Note verleiht.<\/p>\n<p>Hanf\u00f6l kann auch direkt auf die Haut aufgetragen werden, wenn du gereizte oder trockene Stellen hast und Schmerzen lindern m\u00f6chtest. Bitte lagere dein Hanf\u00f6l k\u00fchl, um die darin enthaltenen N\u00e4hrstoffe zu bewahren. Ein L\u00f6ffel pro Tag ist auch gut f\u00fcr das Immunsystem, besonders wenn du kein gro\u00dfer Freund von Fischgerichten bist.<\/p>\n<p>Alle unsere Produkte sind <a href=\"https:\/\/nordichemp.ee\/de\/qualitaet-und-zertifizierungen\/\">Bio-zertifiziert<\/a> und wurden <strong>ausschlie\u00dflich<\/strong> von uns angebaut und verarbeitet. Nur so k\u00f6nnen wir unsere eigenen, hohen Qualit\u00e4tsanspr\u00fcche erf\u00fcllen.<\/p>\n","protected":false},"excerpt":{"rendered":"<p>Kaltgepresstes Hanf\u00f6l<\/p>\n<div class=\"\"><span class=\"\" style=\"font-family: Open Sans, sans-serif;\"><span class=\"\">Unser Bio-Hanf\u00f6l ist:<\/span><\/span><\/div>\n<div class=\"\"><span class=\"\">\u2714 <\/span><span class=\"\" style=\"font-family: Open Sans, sans-serif;\"><span class=\"\">Reich an Omega-3-Fetts\u00e4uren<\/span><\/span><\/div>\n<div class=\"\"><span class=\"\">\u2714<\/span><span class=\"\" style=\"font-family: Open Sans, sans-serif;\"><span class=\"\"> 100% EU-Bio<\/span><\/span><\/div>\n<div class=\"\"><span class=\"\">\u2714<\/span><span class=\"\" style=\"font-family: Open Sans, sans-serif;\"><span class=\"\"> Vegan<\/span><\/span><\/div>\n<div class=\"\"><span class=\"\">\u2714<\/span><span class=\"\" style=\"font-family: Open Sans, sans-serif;\"><span class=\"\"> Glutenfrei<\/span><\/span><\/div>\n","protected":false},"featured_media":700,"template":"","meta":{"_kad_post_transparent":"default","_kad_post_title":"","_kad_post_layout":"default","_kad_post_sidebar_id":"","_kad_post_content_style":"default","_kad_post_vertical_padding":"default","_kad_post_feature":"","_kad_post_feature_position":"","_kad_post_header":false,"_kad_post_footer":false},"product_brand":[],"product_cat":[55],"product_tag":[],"class_list":{"0":"post-638","1":"product","2":"type-product","3":"status-publish","4":"has-post-thumbnail","6":"product_cat-hanf","8":"first","9":"outofstock","10":"taxable","11":"shipping-taxable","12":"purchasable","13":"product-type-simple","14":"entry","15":"content-bg","16":"loop-entry"},"yoast_head":"<!-- This site is optimized with the Yoast SEO plugin v27.3 - https:\/\/yoast.com\/product\/yoast-seo-wordpress\/ -->\n<title>Hanf\u00f6l - Hemflake<\/title>\n<meta name=\"description\" content=\"Hanf\u00f6l ist nicht nur eine leckere Lebensmittelzutat, sondern auch ein guter Immun-Booster und nat\u00fcrliches Heilmittel f\u00fcr deine Haut.\" \/>\n<meta name=\"robots\" content=\"index, follow, max-snippet:-1, max-image-preview:large, max-video-preview:-1\" \/>\n<link rel=\"canonical\" href=\"https:\/\/hemflake.eu\/de\/shop\/hanfol\/\" \/>\n<meta property=\"og:locale\" content=\"de_DE\" \/>\n<meta property=\"og:type\" content=\"article\" \/>\n<meta property=\"og:title\" content=\"Hanf\u00f6l - Hemflake\" \/>\n<meta property=\"og:description\" content=\"Hanf\u00f6l ist nicht nur eine leckere Lebensmittelzutat, sondern auch ein guter Immun-Booster und nat\u00fcrliches Heilmittel f\u00fcr deine Haut.\" \/>\n<meta property=\"og:url\" content=\"https:\/\/hemflake.eu\/de\/shop\/hanfol\/\" \/>\n<meta property=\"og:site_name\" content=\"Hemflake\" \/>\n<meta property=\"article:modified_time\" content=\"2023-09-07T08:23:18+00:00\" \/>\n<meta property=\"og:image\" content=\"https:\/\/hemflake.eu\/wp-content\/uploads\/2021\/10\/hanfol-00001.jpg\" \/>\n\t<meta property=\"og:image:width\" content=\"1500\" \/>\n\t<meta property=\"og:image:height\" content=\"1500\" \/>\n\t<meta property=\"og:image:type\" content=\"image\/jpeg\" \/>\n<meta name=\"twitter:card\" content=\"summary_large_image\" \/>\n<script type=\"application\/ld+json\" class=\"yoast-schema-graph\">{\"@context\":\"https:\\\/\\\/schema.org\",\"@graph\":[{\"@type\":\"WebPage\",\"@id\":\"https:\\\/\\\/hemflake.eu\\\/de\\\/shop\\\/hanfol\\\/\",\"url\":\"https:\\\/\\\/hemflake.eu\\\/de\\\/shop\\\/hanfol\\\/\",\"name\":\"Hanf\u00f6l - Hemflake\",\"isPartOf\":{\"@id\":\"https:\\\/\\\/hemflake.eu\\\/de\\\/#website\"},\"primaryImageOfPage\":{\"@id\":\"https:\\\/\\\/hemflake.eu\\\/de\\\/shop\\\/hanfol\\\/#primaryimage\"},\"image\":{\"@id\":\"https:\\\/\\\/hemflake.eu\\\/de\\\/shop\\\/hanfol\\\/#primaryimage\"},\"thumbnailUrl\":\"https:\\\/\\\/hemflake.eu\\\/wp-content\\\/uploads\\\/2021\\\/10\\\/hanfol-00001.jpg\",\"datePublished\":\"2021-10-28T12:04:09+00:00\",\"dateModified\":\"2023-09-07T08:23:18+00:00\",\"description\":\"Hanf\u00f6l ist nicht nur eine leckere Lebensmittelzutat, sondern auch ein guter Immun-Booster und nat\u00fcrliches Heilmittel f\u00fcr deine Haut.\",\"breadcrumb\":{\"@id\":\"https:\\\/\\\/hemflake.eu\\\/de\\\/shop\\\/hanfol\\\/#breadcrumb\"},\"inLanguage\":\"de\",\"potentialAction\":[{\"@type\":\"ReadAction\",\"target\":[\"https:\\\/\\\/hemflake.eu\\\/de\\\/shop\\\/hanfol\\\/\"]}]},{\"@type\":\"ImageObject\",\"inLanguage\":\"de\",\"@id\":\"https:\\\/\\\/hemflake.eu\\\/de\\\/shop\\\/hanfol\\\/#primaryimage\",\"url\":\"https:\\\/\\\/hemflake.eu\\\/wp-content\\\/uploads\\\/2021\\\/10\\\/hanfol-00001.jpg\",\"contentUrl\":\"https:\\\/\\\/hemflake.eu\\\/wp-content\\\/uploads\\\/2021\\\/10\\\/hanfol-00001.jpg\",\"width\":1500,\"height\":1500,\"caption\":\"hanf\u00f6l\"},{\"@type\":\"BreadcrumbList\",\"@id\":\"https:\\\/\\\/hemflake.eu\\\/de\\\/shop\\\/hanfol\\\/#breadcrumb\",\"itemListElement\":[{\"@type\":\"ListItem\",\"position\":1,\"name\":\"Hemflake\",\"item\":\"https:\\\/\\\/hemflake.eu\\\/de\\\/\"},{\"@type\":\"ListItem\",\"position\":2,\"name\":\"Shop\",\"item\":\"https:\\\/\\\/hemflake.eu\\\/de\\\/shop\\\/\"},{\"@type\":\"ListItem\",\"position\":3,\"name\":\"Hanf\u00f6l\"}]},{\"@type\":\"WebSite\",\"@id\":\"https:\\\/\\\/hemflake.eu\\\/de\\\/#website\",\"url\":\"https:\\\/\\\/hemflake.eu\\\/de\\\/\",\"name\":\"Hemflake\",\"description\":\"\",\"publisher\":{\"@id\":\"https:\\\/\\\/hemflake.eu\\\/de\\\/#organization\"},\"potentialAction\":[{\"@type\":\"SearchAction\",\"target\":{\"@type\":\"EntryPoint\",\"urlTemplate\":\"https:\\\/\\\/hemflake.eu\\\/de\\\/?s={search_term_string}\"},\"query-input\":{\"@type\":\"PropertyValueSpecification\",\"valueRequired\":true,\"valueName\":\"search_term_string\"}}],\"inLanguage\":\"de\"},{\"@type\":\"Organization\",\"@id\":\"https:\\\/\\\/hemflake.eu\\\/de\\\/#organization\",\"name\":\"Hemflake\",\"url\":\"https:\\\/\\\/hemflake.eu\\\/de\\\/\",\"logo\":{\"@type\":\"ImageObject\",\"inLanguage\":\"de\",\"@id\":\"https:\\\/\\\/hemflake.eu\\\/de\\\/#\\\/schema\\\/logo\\\/image\\\/\",\"url\":\"https:\\\/\\\/hemflake.eu\\\/wp-content\\\/uploads\\\/2021\\\/08\\\/hemflake-headerlogo.png\",\"contentUrl\":\"https:\\\/\\\/hemflake.eu\\\/wp-content\\\/uploads\\\/2021\\\/08\\\/hemflake-headerlogo.png\",\"width\":915,\"height\":229,\"caption\":\"Hemflake\"},\"image\":{\"@id\":\"https:\\\/\\\/hemflake.eu\\\/de\\\/#\\\/schema\\\/logo\\\/image\\\/\"}}]}<\/script>\n<!-- \/ Yoast SEO plugin. -->","yoast_head_json":{"title":"Hanf\u00f6l - Hemflake","description":"Hanf\u00f6l ist nicht nur eine leckere Lebensmittelzutat, sondern auch ein guter Immun-Booster und nat\u00fcrliches Heilmittel f\u00fcr deine Haut.","robots":{"index":"index","follow":"follow","max-snippet":"max-snippet:-1","max-image-preview":"max-image-preview:large","max-video-preview":"max-video-preview:-1"},"canonical":"https:\/\/hemflake.eu\/de\/shop\/hanfol\/","og_locale":"de_DE","og_type":"article","og_title":"Hanf\u00f6l - Hemflake","og_description":"Hanf\u00f6l ist nicht nur eine leckere Lebensmittelzutat, sondern auch ein guter Immun-Booster und nat\u00fcrliches Heilmittel f\u00fcr deine Haut.","og_url":"https:\/\/hemflake.eu\/de\/shop\/hanfol\/","og_site_name":"Hemflake","article_modified_time":"2023-09-07T08:23:18+00:00","og_image":[{"width":1500,"height":1500,"url":"https:\/\/hemflake.eu\/wp-content\/uploads\/2021\/10\/hanfol-00001.jpg","type":"image\/jpeg"}],"twitter_card":"summary_large_image","schema":{"@context":"https:\/\/schema.org","@graph":[{"@type":"WebPage","@id":"https:\/\/hemflake.eu\/de\/shop\/hanfol\/","url":"https:\/\/hemflake.eu\/de\/shop\/hanfol\/","name":"Hanf\u00f6l - Hemflake","isPartOf":{"@id":"https:\/\/hemflake.eu\/de\/#website"},"primaryImageOfPage":{"@id":"https:\/\/hemflake.eu\/de\/shop\/hanfol\/#primaryimage"},"image":{"@id":"https:\/\/hemflake.eu\/de\/shop\/hanfol\/#primaryimage"},"thumbnailUrl":"https:\/\/hemflake.eu\/wp-content\/uploads\/2021\/10\/hanfol-00001.jpg","datePublished":"2021-10-28T12:04:09+00:00","dateModified":"2023-09-07T08:23:18+00:00","description":"Hanf\u00f6l ist nicht nur eine leckere Lebensmittelzutat, sondern auch ein guter Immun-Booster und nat\u00fcrliches Heilmittel f\u00fcr deine Haut.","breadcrumb":{"@id":"https:\/\/hemflake.eu\/de\/shop\/hanfol\/#breadcrumb"},"inLanguage":"de","potentialAction":[{"@type":"ReadAction","target":["https:\/\/hemflake.eu\/de\/shop\/hanfol\/"]}]},{"@type":"ImageObject","inLanguage":"de","@id":"https:\/\/hemflake.eu\/de\/shop\/hanfol\/#primaryimage","url":"https:\/\/hemflake.eu\/wp-content\/uploads\/2021\/10\/hanfol-00001.jpg","contentUrl":"https:\/\/hemflake.eu\/wp-content\/uploads\/2021\/10\/hanfol-00001.jpg","width":1500,"height":1500,"caption":"hanf\u00f6l"},{"@type":"BreadcrumbList","@id":"https:\/\/hemflake.eu\/de\/shop\/hanfol\/#breadcrumb","itemListElement":[{"@type":"ListItem","position":1,"name":"Hemflake","item":"https:\/\/hemflake.eu\/de\/"},{"@type":"ListItem","position":2,"name":"Shop","item":"https:\/\/hemflake.eu\/de\/shop\/"},{"@type":"ListItem","position":3,"name":"Hanf\u00f6l"}]},{"@type":"WebSite","@id":"https:\/\/hemflake.eu\/de\/#website","url":"https:\/\/hemflake.eu\/de\/","name":"Hemflake","description":"","publisher":{"@id":"https:\/\/hemflake.eu\/de\/#organization"},"potentialAction":[{"@type":"SearchAction","target":{"@type":"EntryPoint","urlTemplate":"https:\/\/hemflake.eu\/de\/?s={search_term_string}"},"query-input":{"@type":"PropertyValueSpecification","valueRequired":true,"valueName":"search_term_string"}}],"inLanguage":"de"},{"@type":"Organization","@id":"https:\/\/hemflake.eu\/de\/#organization","name":"Hemflake","url":"https:\/\/hemflake.eu\/de\/","logo":{"@type":"ImageObject","inLanguage":"de","@id":"https:\/\/hemflake.eu\/de\/#\/schema\/logo\/image\/","url":"https:\/\/hemflake.eu\/wp-content\/uploads\/2021\/08\/hemflake-headerlogo.png","contentUrl":"https:\/\/hemflake.eu\/wp-content\/uploads\/2021\/08\/hemflake-headerlogo.png","width":915,"height":229,"caption":"Hemflake"},"image":{"@id":"https:\/\/hemflake.eu\/de\/#\/schema\/logo\/image\/"}}]}},"_links":{"self":[{"href":"https:\/\/hemflake.eu\/de\/wp-json\/wp\/v2\/product\/638","targetHints":{"allow":["GET"]}}],"collection":[{"href":"https:\/\/hemflake.eu\/de\/wp-json\/wp\/v2\/product"}],"about":[{"href":"https:\/\/hemflake.eu\/de\/wp-json\/wp\/v2\/types\/product"}],"wp:featuredmedia":[{"embeddable":true,"href":"https:\/\/hemflake.eu\/de\/wp-json\/wp\/v2\/media\/700"}],"wp:attachment":[{"href":"https:\/\/hemflake.eu\/de\/wp-json\/wp\/v2\/media?parent=638"}],"wp:term":[{"taxonomy":"product_brand","embeddable":true,"href":"https:\/\/hemflake.eu\/de\/wp-json\/wp\/v2\/product_brand?post=638"},{"taxonomy":"product_cat","embeddable":true,"href":"https:\/\/hemflake.eu\/de\/wp-json\/wp\/v2\/product_cat?post=638"},{"taxonomy":"product_tag","embeddable":true,"href":"https:\/\/hemflake.eu\/de\/wp-json\/wp\/v2\/product_tag?post=638"}],"curies":[{"name":"wp","href":"https:\/\/api.w.org\/{rel}","templated":true}]}}