{"id":639,"date":"2021-08-04T21:22:44","date_gmt":"2021-10-28T18:52:48","guid":{"rendered":"https:\/\/hemflake.eu\/shop\/combo-hanfpulver-und-geschaelte-hanfsamen\/"},"modified":"2022-04-08T11:10:45","modified_gmt":"2022-04-08T08:10:45","slug":"hanfpulver-hanfsamen-combo","status":"publish","type":"product","link":"https:\/\/hemflake.eu\/de\/shop\/hanfpulver-hanfsamen-combo\/","title":{"rendered":"Combo: Hanfpulver und gesch\u00e4lte Hanfsamen"},"content":{"rendered":"<div class=\"\"><span class=\"\">Hanfpulver wird aus hochwertigen, ganzen Hanfsamen hergestellt. Wenn Hanfsamen gesch\u00e4lt werden, f\u00e4llt das Hanfpulver als Nebenprodukt an. Wir haben es uns zur Aufgabe gemacht, einer Zero-Waste-Produktion so nahe wie m\u00f6glich zu kommen &#8211; und dabei hat sich Hanfpulver als ganz herausragendes Produkt etabliert! Wenn du also gesund essen und zeitgleich dein Gewissen so rein halten m\u00f6chtest wie wir unsere nordische Umwelt, dann ist unser Hanfpulver genau das Richtige f\u00fcr dich!<\/span><\/div>\n<div class=\"\"><\/div>\n<div class=\"\">\n<p><span class=\"\">Hanfpulver ist ein allergenfreies und gesundes Nahrungserg\u00e4nzungsmittel, das viel pflanzliches Protein und Aminos\u00e4uren enth\u00e4lt. Das perfekte Produkt f\u00fcr eine gesunde Ern\u00e4hrung. Nicht nur f\u00fcr Smoothies, sondern auch f\u00fcr Salate und Haferbrei geeignet. Rohstoffe ausschlie\u00dflich aus biologischem Anbau.<\/span><\/p>\n<p>Neben dem Hanfpulver bleiben dann die gesch\u00e4lten Hanfsamen \u00fcbrig. Gesch\u00e4lte Hanfsamen enthalten alle zehn essentiellen Aminos\u00e4uren &#8211; damit sind sie unabdinglich f\u00fcr eine gute Ern\u00e4hrung. Sie sind nicht nur au\u00dfergew\u00f6hnlich nahrhaft und reich an gesunden (also unges\u00e4ttigten) Fetten, Proteinen und Mineralstoffen, sondern geben deinem Essen auch einen angenehm nussigen Geschmack und eine sch\u00f6ne Konsistenz. Wenn du dich ganz tief konzentrierst, schmeckst du sogar die frische nordische Luft, die auch unser Hanf eingeatmet hat.<\/p>\n<\/div>\n","protected":false},"excerpt":{"rendered":"<div class=\"\">\n<p>Hanfpulver ist ein allergenfreies und gesundes Nahrungserg\u00e4nzungsmittel, das viel pflanzliches Protein und Aminos\u00e4uren enth\u00e4lt. Das perfekte Produkt f\u00fcr eine gesunde Ern\u00e4hrung. Nicht nur f\u00fcr Smoothies, sondern auch f\u00fcr Salate und Haferbrei geeignet.<\/p>\n<p>Neben dem Hanfpulver bleiben dann die gesch\u00e4lten Hanfsamen \u00fcbrig. Gesch\u00e4lte Hanfsamen enthalten alle zehn essentiellen Aminos\u00e4uren &#8211; damit sind sie unabdinglich f\u00fcr eine gute Ern\u00e4hrung. Sie sind nicht nur au\u00dfergew\u00f6hnlich nahrhaft und reich an gesunden (also unges\u00e4ttigten) Fetten, Proteinen und Mineralstoffen, sondern geben deinem Essen auch einen angenehm nussigen Geschmack und eine sch\u00f6ne Konsistenz. Wenn du dich ganz tief konzentrierst, schmeckst du sogar die frische nordische Luft, die auch unser Hanf eingeatmet hat.<\/p>\n<p>Beide Produkte sind:<\/p>\n<\/div>\n<div>\n<div class=\"\"><span class=\"\">\u2714<\/span><span class=\"\" style=\"font-family: Open Sans, sans-serif;\"><span class=\"\"> Reich an pflanzlichem Protein<\/span><\/span><\/div>\n<div class=\"\"><span class=\"\">\u2714<\/span><span class=\"\">Ballaststoffreich<\/span><\/div>\n<div class=\"\"><span class=\"\">\u2714<\/span><span class=\"\">100% EU-Bio<\/span><\/div>\n<div class=\"\"><span class=\"\">\u2714<\/span><span class=\"\" style=\"font-family: Open Sans, sans-serif;\"><span class=\"\"> Vegan<\/span><\/span><\/div>\n<div class=\"\"><span class=\"\">\u2714<\/span><span class=\"\" style=\"font-family: Open Sans, sans-serif;\"><span class=\"\">Glutenfrei<br \/>\n\u2714 Allergenfrei<br \/>\n<\/span><\/span><\/div>\n<\/div>\n","protected":false},"featured_media":724,"template":"","meta":{"_kad_post_transparent":"default","_kad_post_title":"","_kad_post_layout":"default","_kad_post_sidebar_id":"","_kad_post_content_style":"default","_kad_post_vertical_padding":"default","_kad_post_feature":"","_kad_post_feature_position":"","_kad_post_header":false,"_kad_post_footer":false},"product_brand":[],"product_cat":[55],"product_tag":[],"class_list":{"0":"post-639","1":"product","2":"type-product","3":"status-publish","4":"has-post-thumbnail","6":"product_cat-hanf","8":"first","9":"outofstock","10":"sale","11":"taxable","12":"shipping-taxable","13":"purchasable","14":"product-type-simple","15":"entry","16":"content-bg","17":"loop-entry"},"yoast_head":"<!-- This site is optimized with the Yoast SEO plugin v27.3 - https:\/\/yoast.com\/product\/yoast-seo-wordpress\/ -->\n<title>Combo: Hanfpulver und gesch\u00e4lte Hanfsamen - Hemflake<\/title>\n<meta name=\"description\" content=\"Hanfpulver wird aus hochwertigen, ganzen Hanfsamen hergestellt. Wenn Hanfsamen gesch\u00e4lt werden, f\u00e4llt das Hanfpulver als Nebenprodukt an.\" \/>\n<meta name=\"robots\" content=\"index, follow, max-snippet:-1, max-image-preview:large, max-video-preview:-1\" \/>\n<link rel=\"canonical\" href=\"https:\/\/hemflake.eu\/de\/shop\/hanfpulver-hanfsamen-combo\/\" \/>\n<meta property=\"og:locale\" content=\"de_DE\" \/>\n<meta property=\"og:type\" content=\"article\" \/>\n<meta property=\"og:title\" content=\"Combo: Hanfpulver und gesch\u00e4lte Hanfsamen - Hemflake\" \/>\n<meta property=\"og:description\" content=\"Hanfpulver wird aus hochwertigen, ganzen Hanfsamen hergestellt. Wenn Hanfsamen gesch\u00e4lt werden, f\u00e4llt das Hanfpulver als Nebenprodukt an.\" \/>\n<meta property=\"og:url\" content=\"https:\/\/hemflake.eu\/de\/shop\/hanfpulver-hanfsamen-combo\/\" \/>\n<meta property=\"og:site_name\" content=\"Hemflake\" \/>\n<meta property=\"article:modified_time\" content=\"2022-04-08T08:10:45+00:00\" \/>\n<meta property=\"og:image\" content=\"https:\/\/hemflake.eu\/wp-content\/uploads\/2021\/08\/woo__0000_Layer-1.jpg\" \/>\n\t<meta property=\"og:image:width\" content=\"1500\" \/>\n\t<meta property=\"og:image:height\" content=\"1500\" \/>\n\t<meta property=\"og:image:type\" content=\"image\/jpeg\" \/>\n<meta name=\"twitter:card\" content=\"summary_large_image\" \/>\n<script type=\"application\/ld+json\" class=\"yoast-schema-graph\">{\"@context\":\"https:\\\/\\\/schema.org\",\"@graph\":[{\"@type\":\"WebPage\",\"@id\":\"https:\\\/\\\/hemflake.eu\\\/de\\\/shop\\\/hanfpulver-hanfsamen-combo\\\/\",\"url\":\"https:\\\/\\\/hemflake.eu\\\/de\\\/shop\\\/hanfpulver-hanfsamen-combo\\\/\",\"name\":\"Combo: Hanfpulver und gesch\u00e4lte Hanfsamen - Hemflake\",\"isPartOf\":{\"@id\":\"https:\\\/\\\/hemflake.eu\\\/de\\\/#website\"},\"primaryImageOfPage\":{\"@id\":\"https:\\\/\\\/hemflake.eu\\\/de\\\/shop\\\/hanfpulver-hanfsamen-combo\\\/#primaryimage\"},\"image\":{\"@id\":\"https:\\\/\\\/hemflake.eu\\\/de\\\/shop\\\/hanfpulver-hanfsamen-combo\\\/#primaryimage\"},\"thumbnailUrl\":\"https:\\\/\\\/hemflake.eu\\\/wp-content\\\/uploads\\\/2021\\\/08\\\/woo__0000_Layer-1.jpg\",\"datePublished\":\"2021-10-28T18:52:48+00:00\",\"dateModified\":\"2022-04-08T08:10:45+00:00\",\"description\":\"Hanfpulver wird aus hochwertigen, ganzen Hanfsamen hergestellt. Wenn Hanfsamen gesch\u00e4lt werden, f\u00e4llt das Hanfpulver als Nebenprodukt an.\",\"breadcrumb\":{\"@id\":\"https:\\\/\\\/hemflake.eu\\\/de\\\/shop\\\/hanfpulver-hanfsamen-combo\\\/#breadcrumb\"},\"inLanguage\":\"de\",\"potentialAction\":[{\"@type\":\"ReadAction\",\"target\":[\"https:\\\/\\\/hemflake.eu\\\/de\\\/shop\\\/hanfpulver-hanfsamen-combo\\\/\"]}]},{\"@type\":\"ImageObject\",\"inLanguage\":\"de\",\"@id\":\"https:\\\/\\\/hemflake.eu\\\/de\\\/shop\\\/hanfpulver-hanfsamen-combo\\\/#primaryimage\",\"url\":\"https:\\\/\\\/hemflake.eu\\\/wp-content\\\/uploads\\\/2021\\\/08\\\/woo__0000_Layer-1.jpg\",\"contentUrl\":\"https:\\\/\\\/hemflake.eu\\\/wp-content\\\/uploads\\\/2021\\\/08\\\/woo__0000_Layer-1.jpg\",\"width\":1500,\"height\":1500},{\"@type\":\"BreadcrumbList\",\"@id\":\"https:\\\/\\\/hemflake.eu\\\/de\\\/shop\\\/hanfpulver-hanfsamen-combo\\\/#breadcrumb\",\"itemListElement\":[{\"@type\":\"ListItem\",\"position\":1,\"name\":\"Hemflake\",\"item\":\"https:\\\/\\\/hemflake.eu\\\/de\\\/\"},{\"@type\":\"ListItem\",\"position\":2,\"name\":\"Shop\",\"item\":\"https:\\\/\\\/hemflake.eu\\\/de\\\/shop\\\/\"},{\"@type\":\"ListItem\",\"position\":3,\"name\":\"Combo: Hanfpulver und gesch\u00e4lte Hanfsamen\"}]},{\"@type\":\"WebSite\",\"@id\":\"https:\\\/\\\/hemflake.eu\\\/de\\\/#website\",\"url\":\"https:\\\/\\\/hemflake.eu\\\/de\\\/\",\"name\":\"Hemflake\",\"description\":\"\",\"publisher\":{\"@id\":\"https:\\\/\\\/hemflake.eu\\\/de\\\/#organization\"},\"potentialAction\":[{\"@type\":\"SearchAction\",\"target\":{\"@type\":\"EntryPoint\",\"urlTemplate\":\"https:\\\/\\\/hemflake.eu\\\/de\\\/?s={search_term_string}\"},\"query-input\":{\"@type\":\"PropertyValueSpecification\",\"valueRequired\":true,\"valueName\":\"search_term_string\"}}],\"inLanguage\":\"de\"},{\"@type\":\"Organization\",\"@id\":\"https:\\\/\\\/hemflake.eu\\\/de\\\/#organization\",\"name\":\"Hemflake\",\"url\":\"https:\\\/\\\/hemflake.eu\\\/de\\\/\",\"logo\":{\"@type\":\"ImageObject\",\"inLanguage\":\"de\",\"@id\":\"https:\\\/\\\/hemflake.eu\\\/de\\\/#\\\/schema\\\/logo\\\/image\\\/\",\"url\":\"https:\\\/\\\/hemflake.eu\\\/wp-content\\\/uploads\\\/2021\\\/08\\\/hemflake-headerlogo.png\",\"contentUrl\":\"https:\\\/\\\/hemflake.eu\\\/wp-content\\\/uploads\\\/2021\\\/08\\\/hemflake-headerlogo.png\",\"width\":915,\"height\":229,\"caption\":\"Hemflake\"},\"image\":{\"@id\":\"https:\\\/\\\/hemflake.eu\\\/de\\\/#\\\/schema\\\/logo\\\/image\\\/\"}}]}<\/script>\n<!-- \/ Yoast SEO plugin. -->","yoast_head_json":{"title":"Combo: Hanfpulver und gesch\u00e4lte Hanfsamen - Hemflake","description":"Hanfpulver wird aus hochwertigen, ganzen Hanfsamen hergestellt. Wenn Hanfsamen gesch\u00e4lt werden, f\u00e4llt das Hanfpulver als Nebenprodukt an.","robots":{"index":"index","follow":"follow","max-snippet":"max-snippet:-1","max-image-preview":"max-image-preview:large","max-video-preview":"max-video-preview:-1"},"canonical":"https:\/\/hemflake.eu\/de\/shop\/hanfpulver-hanfsamen-combo\/","og_locale":"de_DE","og_type":"article","og_title":"Combo: Hanfpulver und gesch\u00e4lte Hanfsamen - Hemflake","og_description":"Hanfpulver wird aus hochwertigen, ganzen Hanfsamen hergestellt. Wenn Hanfsamen gesch\u00e4lt werden, f\u00e4llt das Hanfpulver als Nebenprodukt an.","og_url":"https:\/\/hemflake.eu\/de\/shop\/hanfpulver-hanfsamen-combo\/","og_site_name":"Hemflake","article_modified_time":"2022-04-08T08:10:45+00:00","og_image":[{"width":1500,"height":1500,"url":"https:\/\/hemflake.eu\/wp-content\/uploads\/2021\/08\/woo__0000_Layer-1.jpg","type":"image\/jpeg"}],"twitter_card":"summary_large_image","schema":{"@context":"https:\/\/schema.org","@graph":[{"@type":"WebPage","@id":"https:\/\/hemflake.eu\/de\/shop\/hanfpulver-hanfsamen-combo\/","url":"https:\/\/hemflake.eu\/de\/shop\/hanfpulver-hanfsamen-combo\/","name":"Combo: Hanfpulver und gesch\u00e4lte Hanfsamen - Hemflake","isPartOf":{"@id":"https:\/\/hemflake.eu\/de\/#website"},"primaryImageOfPage":{"@id":"https:\/\/hemflake.eu\/de\/shop\/hanfpulver-hanfsamen-combo\/#primaryimage"},"image":{"@id":"https:\/\/hemflake.eu\/de\/shop\/hanfpulver-hanfsamen-combo\/#primaryimage"},"thumbnailUrl":"https:\/\/hemflake.eu\/wp-content\/uploads\/2021\/08\/woo__0000_Layer-1.jpg","datePublished":"2021-10-28T18:52:48+00:00","dateModified":"2022-04-08T08:10:45+00:00","description":"Hanfpulver wird aus hochwertigen, ganzen Hanfsamen hergestellt. Wenn Hanfsamen gesch\u00e4lt werden, f\u00e4llt das Hanfpulver als Nebenprodukt an.","breadcrumb":{"@id":"https:\/\/hemflake.eu\/de\/shop\/hanfpulver-hanfsamen-combo\/#breadcrumb"},"inLanguage":"de","potentialAction":[{"@type":"ReadAction","target":["https:\/\/hemflake.eu\/de\/shop\/hanfpulver-hanfsamen-combo\/"]}]},{"@type":"ImageObject","inLanguage":"de","@id":"https:\/\/hemflake.eu\/de\/shop\/hanfpulver-hanfsamen-combo\/#primaryimage","url":"https:\/\/hemflake.eu\/wp-content\/uploads\/2021\/08\/woo__0000_Layer-1.jpg","contentUrl":"https:\/\/hemflake.eu\/wp-content\/uploads\/2021\/08\/woo__0000_Layer-1.jpg","width":1500,"height":1500},{"@type":"BreadcrumbList","@id":"https:\/\/hemflake.eu\/de\/shop\/hanfpulver-hanfsamen-combo\/#breadcrumb","itemListElement":[{"@type":"ListItem","position":1,"name":"Hemflake","item":"https:\/\/hemflake.eu\/de\/"},{"@type":"ListItem","position":2,"name":"Shop","item":"https:\/\/hemflake.eu\/de\/shop\/"},{"@type":"ListItem","position":3,"name":"Combo: Hanfpulver und gesch\u00e4lte Hanfsamen"}]},{"@type":"WebSite","@id":"https:\/\/hemflake.eu\/de\/#website","url":"https:\/\/hemflake.eu\/de\/","name":"Hemflake","description":"","publisher":{"@id":"https:\/\/hemflake.eu\/de\/#organization"},"potentialAction":[{"@type":"SearchAction","target":{"@type":"EntryPoint","urlTemplate":"https:\/\/hemflake.eu\/de\/?s={search_term_string}"},"query-input":{"@type":"PropertyValueSpecification","valueRequired":true,"valueName":"search_term_string"}}],"inLanguage":"de"},{"@type":"Organization","@id":"https:\/\/hemflake.eu\/de\/#organization","name":"Hemflake","url":"https:\/\/hemflake.eu\/de\/","logo":{"@type":"ImageObject","inLanguage":"de","@id":"https:\/\/hemflake.eu\/de\/#\/schema\/logo\/image\/","url":"https:\/\/hemflake.eu\/wp-content\/uploads\/2021\/08\/hemflake-headerlogo.png","contentUrl":"https:\/\/hemflake.eu\/wp-content\/uploads\/2021\/08\/hemflake-headerlogo.png","width":915,"height":229,"caption":"Hemflake"},"image":{"@id":"https:\/\/hemflake.eu\/de\/#\/schema\/logo\/image\/"}}]}},"_links":{"self":[{"href":"https:\/\/hemflake.eu\/de\/wp-json\/wp\/v2\/product\/639","targetHints":{"allow":["GET"]}}],"collection":[{"href":"https:\/\/hemflake.eu\/de\/wp-json\/wp\/v2\/product"}],"about":[{"href":"https:\/\/hemflake.eu\/de\/wp-json\/wp\/v2\/types\/product"}],"wp:featuredmedia":[{"embeddable":true,"href":"https:\/\/hemflake.eu\/de\/wp-json\/wp\/v2\/media\/724"}],"wp:attachment":[{"href":"https:\/\/hemflake.eu\/de\/wp-json\/wp\/v2\/media?parent=639"}],"wp:term":[{"taxonomy":"product_brand","embeddable":true,"href":"https:\/\/hemflake.eu\/de\/wp-json\/wp\/v2\/product_brand?post=639"},{"taxonomy":"product_cat","embeddable":true,"href":"https:\/\/hemflake.eu\/de\/wp-json\/wp\/v2\/product_cat?post=639"},{"taxonomy":"product_tag","embeddable":true,"href":"https:\/\/hemflake.eu\/de\/wp-json\/wp\/v2\/product_tag?post=639"}],"curies":[{"name":"wp","href":"https:\/\/api.w.org\/{rel}","templated":true}]}}