{"id":648,"date":"2021-08-04T21:21:38","date_gmt":"2021-11-15T10:28:03","guid":{"rendered":"https:\/\/hemflake.eu\/?post_type=product&#038;p=648"},"modified":"2023-09-07T11:01:04","modified_gmt":"2023-09-07T08:01:04","slug":"geschaelte-hanfsamen","status":"publish","type":"product","link":"https:\/\/hemflake.eu\/de\/shop\/geschaelte-hanfsamen\/","title":{"rendered":"Gesch\u00e4lte Hanfsamen"},"content":{"rendered":"<p>Hanfherzen sind gesch\u00e4lte Hanfsamen. Sie enthalten alle zehn essentiellen Aminos\u00e4uren, die Ihrem K\u00f6rper einen gesunden Schub geben. Sie sind nicht nur au\u00dfergew\u00f6hnlich nahrhaft und reich an gesunden (d.\u00a0h. unges\u00e4ttigten) Fetten, Proteinen und Mineralstoffen, sondern verleihen Ihrer Mahlzeit auch einen angenehm nussigen Geschmack und eine feine Konsistenz. Wenn Sie die Augen schlie\u00dfen, k\u00f6nnen Sie vielleicht die frische nordische Luft riechen, die auch Ihre Hanfherzen eingeatmet haben.<\/p>\n<h2>WIE VERWENDET MAN HANFHERZEN?<\/h2>\n<div><span lang=\"DE\">Nun, wir w\u00fcrden es Ihnen nicht ver\u00fcbeln, wenn Sie sie direkt aus der T\u00fcte essen w\u00fcrden. Es hei\u00dft, einige unserer Teammitglieder h\u00e4tten ihr Popcorn und ihre Chips bereits ganz und gar gegen Hanfherzen ausgetauscht. <\/span><span lang=\"DE\">Sie haben einen k\u00f6stlichen, nussigen Geschmack und sind dabei zu 100% frei von Allergenen und Gluten.<\/span><\/div>\n<div><\/div>\n<div>\n<p>Aber ganz ehrlich, Hanfherzen sind sehr vielseitig. Sie k\u00f6nnen sie \u00fcber Ihren Salat streuen, in Ihr <a href=\"https:\/\/hemflake.eu\/de\/recipe\/\">M\u00fcsli mischen<\/a>, zu Smoothies mixen\u2026 Oh Mann, wir sollten wirklich einen Foodie-Blog auf dieser Webseite starten.<\/p>\n<\/div>\n<h2>DIREKT VON DEN SAUBERSTEN NORDISCHEN B\u00d6DEN<\/h2>\n<p>Es ist eine himmlische Kombination: Perfektes Klima f\u00fcr nachhaltige <a href=\"https:\/\/nordichemp.ee\/de\/\">Hanfproduktion<\/a>, jahrhundertelange Erfahrung in der Landwirtschaft und einige der saubersten B\u00f6den der Welt. Wir versprechen Ihnen, dass Sie den Unterschied schmecken werden.<\/p>\n","protected":false},"excerpt":{"rendered":"<p>\u2714 Reich an pflanzlichem Protein (34,03g)<br \/>\n\u2714 100\u00a0% EU-Bio<br \/>\n\u2714 Vegan<br \/>\n\u2714 Glutenfrei<br \/>\n\u2714 Allergenfrei<br \/>\n\u2714 Superfood<\/p>\n","protected":false},"featured_media":715,"template":"","meta":{"_kad_post_transparent":"default","_kad_post_title":"","_kad_post_layout":"default","_kad_post_sidebar_id":"","_kad_post_content_style":"default","_kad_post_vertical_padding":"default","_kad_post_feature":"","_kad_post_feature_position":"","_kad_post_header":false,"_kad_post_footer":false},"product_brand":[],"product_cat":[55],"product_tag":[],"class_list":{"0":"post-648","1":"product","2":"type-product","3":"status-publish","4":"has-post-thumbnail","6":"product_cat-hanf","8":"first","9":"outofstock","10":"taxable","11":"shipping-taxable","12":"purchasable","13":"product-type-simple","14":"entry","15":"content-bg","16":"loop-entry"},"yoast_head":"<!-- This site is optimized with the Yoast SEO plugin v27.3 - https:\/\/yoast.com\/product\/yoast-seo-wordpress\/ -->\n<title>Gesch\u00e4lte Hanfsamen - Hemflake<\/title>\n<meta name=\"description\" content=\"Hanfherzen sind gesch\u00e4lte Hanfsamen. Sie enthalten alle zehn essentiellen Aminos\u00e4uren, die Ihrem K\u00f6rper einen gesunden Schub geben.\" \/>\n<meta name=\"robots\" content=\"index, follow, max-snippet:-1, max-image-preview:large, max-video-preview:-1\" \/>\n<link rel=\"canonical\" href=\"https:\/\/hemflake.eu\/de\/shop\/geschaelte-hanfsamen\/\" \/>\n<meta property=\"og:locale\" content=\"de_DE\" \/>\n<meta property=\"og:type\" content=\"article\" \/>\n<meta property=\"og:title\" content=\"Gesch\u00e4lte Hanfsamen - Hemflake\" \/>\n<meta property=\"og:description\" content=\"Hanfherzen sind gesch\u00e4lte Hanfsamen. Sie enthalten alle zehn essentiellen Aminos\u00e4uren, die Ihrem K\u00f6rper einen gesunden Schub geben.\" \/>\n<meta property=\"og:url\" content=\"https:\/\/hemflake.eu\/de\/shop\/geschaelte-hanfsamen\/\" \/>\n<meta property=\"og:site_name\" content=\"Hemflake\" \/>\n<meta property=\"article:modified_time\" content=\"2023-09-07T08:01:04+00:00\" \/>\n<meta property=\"og:image\" content=\"https:\/\/hemflake.eu\/wp-content\/uploads\/2021\/08\/woo__0010_geschalte-hanfsamen-2.jpg\" \/>\n\t<meta property=\"og:image:width\" content=\"1500\" \/>\n\t<meta property=\"og:image:height\" content=\"1500\" \/>\n\t<meta property=\"og:image:type\" content=\"image\/jpeg\" \/>\n<meta name=\"twitter:card\" content=\"summary_large_image\" \/>\n<script type=\"application\/ld+json\" class=\"yoast-schema-graph\">{\"@context\":\"https:\\\/\\\/schema.org\",\"@graph\":[{\"@type\":\"WebPage\",\"@id\":\"https:\\\/\\\/hemflake.eu\\\/de\\\/shop\\\/geschaelte-hanfsamen\\\/\",\"url\":\"https:\\\/\\\/hemflake.eu\\\/de\\\/shop\\\/geschaelte-hanfsamen\\\/\",\"name\":\"Gesch\u00e4lte Hanfsamen - Hemflake\",\"isPartOf\":{\"@id\":\"https:\\\/\\\/hemflake.eu\\\/de\\\/#website\"},\"primaryImageOfPage\":{\"@id\":\"https:\\\/\\\/hemflake.eu\\\/de\\\/shop\\\/geschaelte-hanfsamen\\\/#primaryimage\"},\"image\":{\"@id\":\"https:\\\/\\\/hemflake.eu\\\/de\\\/shop\\\/geschaelte-hanfsamen\\\/#primaryimage\"},\"thumbnailUrl\":\"https:\\\/\\\/hemflake.eu\\\/wp-content\\\/uploads\\\/2021\\\/08\\\/woo__0010_geschalte-hanfsamen-2.jpg\",\"datePublished\":\"2021-11-15T10:28:03+00:00\",\"dateModified\":\"2023-09-07T08:01:04+00:00\",\"description\":\"Hanfherzen sind gesch\u00e4lte Hanfsamen. Sie enthalten alle zehn essentiellen Aminos\u00e4uren, die Ihrem K\u00f6rper einen gesunden Schub geben.\",\"breadcrumb\":{\"@id\":\"https:\\\/\\\/hemflake.eu\\\/de\\\/shop\\\/geschaelte-hanfsamen\\\/#breadcrumb\"},\"inLanguage\":\"de\",\"potentialAction\":[{\"@type\":\"ReadAction\",\"target\":[\"https:\\\/\\\/hemflake.eu\\\/de\\\/shop\\\/geschaelte-hanfsamen\\\/\"]}]},{\"@type\":\"ImageObject\",\"inLanguage\":\"de\",\"@id\":\"https:\\\/\\\/hemflake.eu\\\/de\\\/shop\\\/geschaelte-hanfsamen\\\/#primaryimage\",\"url\":\"https:\\\/\\\/hemflake.eu\\\/wp-content\\\/uploads\\\/2021\\\/08\\\/woo__0010_geschalte-hanfsamen-2.jpg\",\"contentUrl\":\"https:\\\/\\\/hemflake.eu\\\/wp-content\\\/uploads\\\/2021\\\/08\\\/woo__0010_geschalte-hanfsamen-2.jpg\",\"width\":1500,\"height\":1500,\"caption\":\"gesc\u00e4lte fansamen\"},{\"@type\":\"BreadcrumbList\",\"@id\":\"https:\\\/\\\/hemflake.eu\\\/de\\\/shop\\\/geschaelte-hanfsamen\\\/#breadcrumb\",\"itemListElement\":[{\"@type\":\"ListItem\",\"position\":1,\"name\":\"Hemflake\",\"item\":\"https:\\\/\\\/hemflake.eu\\\/de\\\/\"},{\"@type\":\"ListItem\",\"position\":2,\"name\":\"Shop\",\"item\":\"https:\\\/\\\/hemflake.eu\\\/de\\\/shop\\\/\"},{\"@type\":\"ListItem\",\"position\":3,\"name\":\"Gesch\u00e4lte Hanfsamen\"}]},{\"@type\":\"WebSite\",\"@id\":\"https:\\\/\\\/hemflake.eu\\\/de\\\/#website\",\"url\":\"https:\\\/\\\/hemflake.eu\\\/de\\\/\",\"name\":\"Hemflake\",\"description\":\"\",\"publisher\":{\"@id\":\"https:\\\/\\\/hemflake.eu\\\/de\\\/#organization\"},\"potentialAction\":[{\"@type\":\"SearchAction\",\"target\":{\"@type\":\"EntryPoint\",\"urlTemplate\":\"https:\\\/\\\/hemflake.eu\\\/de\\\/?s={search_term_string}\"},\"query-input\":{\"@type\":\"PropertyValueSpecification\",\"valueRequired\":true,\"valueName\":\"search_term_string\"}}],\"inLanguage\":\"de\"},{\"@type\":\"Organization\",\"@id\":\"https:\\\/\\\/hemflake.eu\\\/de\\\/#organization\",\"name\":\"Hemflake\",\"url\":\"https:\\\/\\\/hemflake.eu\\\/de\\\/\",\"logo\":{\"@type\":\"ImageObject\",\"inLanguage\":\"de\",\"@id\":\"https:\\\/\\\/hemflake.eu\\\/de\\\/#\\\/schema\\\/logo\\\/image\\\/\",\"url\":\"https:\\\/\\\/hemflake.eu\\\/wp-content\\\/uploads\\\/2021\\\/08\\\/hemflake-headerlogo.png\",\"contentUrl\":\"https:\\\/\\\/hemflake.eu\\\/wp-content\\\/uploads\\\/2021\\\/08\\\/hemflake-headerlogo.png\",\"width\":915,\"height\":229,\"caption\":\"Hemflake\"},\"image\":{\"@id\":\"https:\\\/\\\/hemflake.eu\\\/de\\\/#\\\/schema\\\/logo\\\/image\\\/\"}}]}<\/script>\n<!-- \/ Yoast SEO plugin. -->","yoast_head_json":{"title":"Gesch\u00e4lte Hanfsamen - Hemflake","description":"Hanfherzen sind gesch\u00e4lte Hanfsamen. Sie enthalten alle zehn essentiellen Aminos\u00e4uren, die Ihrem K\u00f6rper einen gesunden Schub geben.","robots":{"index":"index","follow":"follow","max-snippet":"max-snippet:-1","max-image-preview":"max-image-preview:large","max-video-preview":"max-video-preview:-1"},"canonical":"https:\/\/hemflake.eu\/de\/shop\/geschaelte-hanfsamen\/","og_locale":"de_DE","og_type":"article","og_title":"Gesch\u00e4lte Hanfsamen - Hemflake","og_description":"Hanfherzen sind gesch\u00e4lte Hanfsamen. Sie enthalten alle zehn essentiellen Aminos\u00e4uren, die Ihrem K\u00f6rper einen gesunden Schub geben.","og_url":"https:\/\/hemflake.eu\/de\/shop\/geschaelte-hanfsamen\/","og_site_name":"Hemflake","article_modified_time":"2023-09-07T08:01:04+00:00","og_image":[{"width":1500,"height":1500,"url":"https:\/\/hemflake.eu\/wp-content\/uploads\/2021\/08\/woo__0010_geschalte-hanfsamen-2.jpg","type":"image\/jpeg"}],"twitter_card":"summary_large_image","schema":{"@context":"https:\/\/schema.org","@graph":[{"@type":"WebPage","@id":"https:\/\/hemflake.eu\/de\/shop\/geschaelte-hanfsamen\/","url":"https:\/\/hemflake.eu\/de\/shop\/geschaelte-hanfsamen\/","name":"Gesch\u00e4lte Hanfsamen - Hemflake","isPartOf":{"@id":"https:\/\/hemflake.eu\/de\/#website"},"primaryImageOfPage":{"@id":"https:\/\/hemflake.eu\/de\/shop\/geschaelte-hanfsamen\/#primaryimage"},"image":{"@id":"https:\/\/hemflake.eu\/de\/shop\/geschaelte-hanfsamen\/#primaryimage"},"thumbnailUrl":"https:\/\/hemflake.eu\/wp-content\/uploads\/2021\/08\/woo__0010_geschalte-hanfsamen-2.jpg","datePublished":"2021-11-15T10:28:03+00:00","dateModified":"2023-09-07T08:01:04+00:00","description":"Hanfherzen sind gesch\u00e4lte Hanfsamen. Sie enthalten alle zehn essentiellen Aminos\u00e4uren, die Ihrem K\u00f6rper einen gesunden Schub geben.","breadcrumb":{"@id":"https:\/\/hemflake.eu\/de\/shop\/geschaelte-hanfsamen\/#breadcrumb"},"inLanguage":"de","potentialAction":[{"@type":"ReadAction","target":["https:\/\/hemflake.eu\/de\/shop\/geschaelte-hanfsamen\/"]}]},{"@type":"ImageObject","inLanguage":"de","@id":"https:\/\/hemflake.eu\/de\/shop\/geschaelte-hanfsamen\/#primaryimage","url":"https:\/\/hemflake.eu\/wp-content\/uploads\/2021\/08\/woo__0010_geschalte-hanfsamen-2.jpg","contentUrl":"https:\/\/hemflake.eu\/wp-content\/uploads\/2021\/08\/woo__0010_geschalte-hanfsamen-2.jpg","width":1500,"height":1500,"caption":"gesc\u00e4lte fansamen"},{"@type":"BreadcrumbList","@id":"https:\/\/hemflake.eu\/de\/shop\/geschaelte-hanfsamen\/#breadcrumb","itemListElement":[{"@type":"ListItem","position":1,"name":"Hemflake","item":"https:\/\/hemflake.eu\/de\/"},{"@type":"ListItem","position":2,"name":"Shop","item":"https:\/\/hemflake.eu\/de\/shop\/"},{"@type":"ListItem","position":3,"name":"Gesch\u00e4lte Hanfsamen"}]},{"@type":"WebSite","@id":"https:\/\/hemflake.eu\/de\/#website","url":"https:\/\/hemflake.eu\/de\/","name":"Hemflake","description":"","publisher":{"@id":"https:\/\/hemflake.eu\/de\/#organization"},"potentialAction":[{"@type":"SearchAction","target":{"@type":"EntryPoint","urlTemplate":"https:\/\/hemflake.eu\/de\/?s={search_term_string}"},"query-input":{"@type":"PropertyValueSpecification","valueRequired":true,"valueName":"search_term_string"}}],"inLanguage":"de"},{"@type":"Organization","@id":"https:\/\/hemflake.eu\/de\/#organization","name":"Hemflake","url":"https:\/\/hemflake.eu\/de\/","logo":{"@type":"ImageObject","inLanguage":"de","@id":"https:\/\/hemflake.eu\/de\/#\/schema\/logo\/image\/","url":"https:\/\/hemflake.eu\/wp-content\/uploads\/2021\/08\/hemflake-headerlogo.png","contentUrl":"https:\/\/hemflake.eu\/wp-content\/uploads\/2021\/08\/hemflake-headerlogo.png","width":915,"height":229,"caption":"Hemflake"},"image":{"@id":"https:\/\/hemflake.eu\/de\/#\/schema\/logo\/image\/"}}]}},"_links":{"self":[{"href":"https:\/\/hemflake.eu\/de\/wp-json\/wp\/v2\/product\/648","targetHints":{"allow":["GET"]}}],"collection":[{"href":"https:\/\/hemflake.eu\/de\/wp-json\/wp\/v2\/product"}],"about":[{"href":"https:\/\/hemflake.eu\/de\/wp-json\/wp\/v2\/types\/product"}],"wp:featuredmedia":[{"embeddable":true,"href":"https:\/\/hemflake.eu\/de\/wp-json\/wp\/v2\/media\/715"}],"wp:attachment":[{"href":"https:\/\/hemflake.eu\/de\/wp-json\/wp\/v2\/media?parent=648"}],"wp:term":[{"taxonomy":"product_brand","embeddable":true,"href":"https:\/\/hemflake.eu\/de\/wp-json\/wp\/v2\/product_brand?post=648"},{"taxonomy":"product_cat","embeddable":true,"href":"https:\/\/hemflake.eu\/de\/wp-json\/wp\/v2\/product_cat?post=648"},{"taxonomy":"product_tag","embeddable":true,"href":"https:\/\/hemflake.eu\/de\/wp-json\/wp\/v2\/product_tag?post=648"}],"curies":[{"name":"wp","href":"https:\/\/api.w.org\/{rel}","templated":true}]}}