{"id":651,"date":"2021-08-04T21:21:09","date_gmt":"2021-11-03T17:21:09","guid":{"rendered":"https:\/\/hemflake.eu\/shop\/hanfpulver\/"},"modified":"2022-04-08T11:18:52","modified_gmt":"2022-04-08T08:18:52","slug":"hanfpulver","status":"publish","type":"product","link":"https:\/\/hemflake.eu\/de\/shop\/hanfpulver\/","title":{"rendered":"Hanfpulver"},"content":{"rendered":"<p><span style=\"font-weight: 400;\">Hanfpulver wird aus hochwertigen, ganzen Hanfsamen hergestellt. Wenn Hanfsamen gesch\u00e4lt werden, f\u00e4llt das Hanfpulver als Nebenprodukt an. Wir haben es uns zur Aufgabe gemacht, einer Zero-Waste-Produktion so nahe wie m\u00f6glich zu kommen &#8211; und dabei hat sich Hanfpulver als ganz herausragendes Produkt etabliert! Wenn du also gesund essen und zeitgleich dein Gewissen so rein halten m\u00f6chtest wie wir unsere nordische Umwelt, dann ist unser Hanfpulver genau das Richtige f\u00fcr dich!<\/span><\/p>\n<h2>Wie verwende ich Hanfpulver?<\/h2>\n<p><span style=\"font-weight: 400;\">Einfach in <a href=\"https:\/\/hemflake.eu\/de\/recipe\/\">Smoothies<\/a> reinmischen, aber das ist noch l\u00e4ngst nicht alles! But no, there\u2019s actually a lot more. We hope you didn\u2019t stop reading back there. Hanfpulver besteht aus klitzekleinen St\u00fcckchen von Hanfsamen und \u00dcberbleibseln aus dem Sch\u00e4lprozess. Neben dem nussigen Geschmack selbst kann es auch die Konsistenz anderer Speisen ver\u00e4ndern &#8211; damit eignet es sich unter anderem perfekt f\u00fcr Geb\u00e4ck, Joghurt und Haferbrei.<\/span><\/p>\n<h2>Aus dem hohen Norden direkt zu dir<\/h2>\n<p>Unser \u00d6kosystem in Nordeuropa ist fast zu gut um wahr zu sein: Perfektes Klima f\u00fcr den Hanfanbau, jahrhundertelange Erfahrung in der Landwirtschaft, und B\u00f6den, die weltweit zu den saubersten geh\u00f6ren. Ein Qualit\u00e4tsunterschied, der sich schmecken l\u00e4sst.<\/p>\n","protected":false},"excerpt":{"rendered":"<div>Hanfpulver ist ein allergenfreies und gesundes Nahrungserg\u00e4nzungsmittel, das viel pflanzliches Protein und Aminos\u00e4uren enth\u00e4lt. Das perfekte Produkt f\u00fcr eine gesunde Ern\u00e4hrung. Nicht nur f\u00fcr Smoothies, sondern auch f\u00fcr Salate und Haferbrei geeignet. Rohstoffe ausschlie\u00dflich aus biologischem Anbau.<\/div>\n<div>\n<ul>\n<li>Gewicht 500g<\/li>\n<li>30g pflanzliches Protein pro 100g<\/li>\n<li>Glutenfrei<\/li>\n<li>Ballaststoffreich<\/li>\n<\/ul>\n<\/div>\n","protected":false},"featured_media":720,"template":"","meta":{"_kad_post_transparent":"default","_kad_post_title":"","_kad_post_layout":"default","_kad_post_sidebar_id":"","_kad_post_content_style":"default","_kad_post_vertical_padding":"default","_kad_post_feature":"","_kad_post_feature_position":"","_kad_post_header":false,"_kad_post_footer":false},"product_brand":[],"product_cat":[55],"product_tag":[],"class_list":{"0":"post-651","1":"product","2":"type-product","3":"status-publish","4":"has-post-thumbnail","6":"product_cat-hanf","8":"first","9":"outofstock","10":"taxable","11":"shipping-taxable","12":"purchasable","13":"product-type-simple","14":"entry","15":"content-bg","16":"loop-entry"},"yoast_head":"<!-- This site is optimized with the Yoast SEO plugin v27.3 - https:\/\/yoast.com\/product\/yoast-seo-wordpress\/ -->\n<title>Hanfpulver - Hemflake<\/title>\n<meta name=\"description\" content=\"Hanfpulver wird aus hochwertigen, ganzen Hanfsamen hergestellt. Wenn Hanfsamen gesch\u00e4lt werden, f\u00e4llt das Hanfpulver als Nebenprodukt an.\" \/>\n<meta name=\"robots\" content=\"index, follow, max-snippet:-1, max-image-preview:large, max-video-preview:-1\" \/>\n<link rel=\"canonical\" href=\"https:\/\/hemflake.eu\/de\/shop\/hanfpulver\/\" \/>\n<meta property=\"og:locale\" content=\"de_DE\" \/>\n<meta property=\"og:type\" content=\"article\" \/>\n<meta property=\"og:title\" content=\"Hanfpulver - Hemflake\" \/>\n<meta property=\"og:description\" content=\"Hanfpulver wird aus hochwertigen, ganzen Hanfsamen hergestellt. Wenn Hanfsamen gesch\u00e4lt werden, f\u00e4llt das Hanfpulver als Nebenprodukt an.\" \/>\n<meta property=\"og:url\" content=\"https:\/\/hemflake.eu\/de\/shop\/hanfpulver\/\" \/>\n<meta property=\"og:site_name\" content=\"Hemflake\" \/>\n<meta property=\"article:modified_time\" content=\"2022-04-08T08:18:52+00:00\" \/>\n<meta property=\"og:image\" content=\"https:\/\/hemflake.eu\/wp-content\/uploads\/2021\/08\/woo__0008_hanf-fur-smoothies-2.jpg\" \/>\n\t<meta property=\"og:image:width\" content=\"1500\" \/>\n\t<meta property=\"og:image:height\" content=\"1500\" \/>\n\t<meta property=\"og:image:type\" content=\"image\/jpeg\" \/>\n<meta name=\"twitter:card\" content=\"summary_large_image\" \/>\n<script type=\"application\/ld+json\" class=\"yoast-schema-graph\">{\"@context\":\"https:\\\/\\\/schema.org\",\"@graph\":[{\"@type\":\"WebPage\",\"@id\":\"https:\\\/\\\/hemflake.eu\\\/de\\\/shop\\\/hanfpulver\\\/\",\"url\":\"https:\\\/\\\/hemflake.eu\\\/de\\\/shop\\\/hanfpulver\\\/\",\"name\":\"Hanfpulver - Hemflake\",\"isPartOf\":{\"@id\":\"https:\\\/\\\/hemflake.eu\\\/de\\\/#website\"},\"primaryImageOfPage\":{\"@id\":\"https:\\\/\\\/hemflake.eu\\\/de\\\/shop\\\/hanfpulver\\\/#primaryimage\"},\"image\":{\"@id\":\"https:\\\/\\\/hemflake.eu\\\/de\\\/shop\\\/hanfpulver\\\/#primaryimage\"},\"thumbnailUrl\":\"https:\\\/\\\/hemflake.eu\\\/wp-content\\\/uploads\\\/2021\\\/08\\\/woo__0008_hanf-fur-smoothies-2.jpg\",\"datePublished\":\"2021-11-03T17:21:09+00:00\",\"dateModified\":\"2022-04-08T08:18:52+00:00\",\"description\":\"Hanfpulver wird aus hochwertigen, ganzen Hanfsamen hergestellt. Wenn Hanfsamen gesch\u00e4lt werden, f\u00e4llt das Hanfpulver als Nebenprodukt an.\",\"breadcrumb\":{\"@id\":\"https:\\\/\\\/hemflake.eu\\\/de\\\/shop\\\/hanfpulver\\\/#breadcrumb\"},\"inLanguage\":\"de\",\"potentialAction\":[{\"@type\":\"ReadAction\",\"target\":[\"https:\\\/\\\/hemflake.eu\\\/de\\\/shop\\\/hanfpulver\\\/\"]}]},{\"@type\":\"ImageObject\",\"inLanguage\":\"de\",\"@id\":\"https:\\\/\\\/hemflake.eu\\\/de\\\/shop\\\/hanfpulver\\\/#primaryimage\",\"url\":\"https:\\\/\\\/hemflake.eu\\\/wp-content\\\/uploads\\\/2021\\\/08\\\/woo__0008_hanf-fur-smoothies-2.jpg\",\"contentUrl\":\"https:\\\/\\\/hemflake.eu\\\/wp-content\\\/uploads\\\/2021\\\/08\\\/woo__0008_hanf-fur-smoothies-2.jpg\",\"width\":1500,\"height\":1500,\"caption\":\"hanfpulver\"},{\"@type\":\"BreadcrumbList\",\"@id\":\"https:\\\/\\\/hemflake.eu\\\/de\\\/shop\\\/hanfpulver\\\/#breadcrumb\",\"itemListElement\":[{\"@type\":\"ListItem\",\"position\":1,\"name\":\"Hemflake\",\"item\":\"https:\\\/\\\/hemflake.eu\\\/de\\\/\"},{\"@type\":\"ListItem\",\"position\":2,\"name\":\"Shop\",\"item\":\"https:\\\/\\\/hemflake.eu\\\/de\\\/shop\\\/\"},{\"@type\":\"ListItem\",\"position\":3,\"name\":\"Hanfpulver\"}]},{\"@type\":\"WebSite\",\"@id\":\"https:\\\/\\\/hemflake.eu\\\/de\\\/#website\",\"url\":\"https:\\\/\\\/hemflake.eu\\\/de\\\/\",\"name\":\"Hemflake\",\"description\":\"\",\"publisher\":{\"@id\":\"https:\\\/\\\/hemflake.eu\\\/de\\\/#organization\"},\"potentialAction\":[{\"@type\":\"SearchAction\",\"target\":{\"@type\":\"EntryPoint\",\"urlTemplate\":\"https:\\\/\\\/hemflake.eu\\\/de\\\/?s={search_term_string}\"},\"query-input\":{\"@type\":\"PropertyValueSpecification\",\"valueRequired\":true,\"valueName\":\"search_term_string\"}}],\"inLanguage\":\"de\"},{\"@type\":\"Organization\",\"@id\":\"https:\\\/\\\/hemflake.eu\\\/de\\\/#organization\",\"name\":\"Hemflake\",\"url\":\"https:\\\/\\\/hemflake.eu\\\/de\\\/\",\"logo\":{\"@type\":\"ImageObject\",\"inLanguage\":\"de\",\"@id\":\"https:\\\/\\\/hemflake.eu\\\/de\\\/#\\\/schema\\\/logo\\\/image\\\/\",\"url\":\"https:\\\/\\\/hemflake.eu\\\/wp-content\\\/uploads\\\/2021\\\/08\\\/hemflake-headerlogo.png\",\"contentUrl\":\"https:\\\/\\\/hemflake.eu\\\/wp-content\\\/uploads\\\/2021\\\/08\\\/hemflake-headerlogo.png\",\"width\":915,\"height\":229,\"caption\":\"Hemflake\"},\"image\":{\"@id\":\"https:\\\/\\\/hemflake.eu\\\/de\\\/#\\\/schema\\\/logo\\\/image\\\/\"}}]}<\/script>\n<!-- \/ Yoast SEO plugin. -->","yoast_head_json":{"title":"Hanfpulver - Hemflake","description":"Hanfpulver wird aus hochwertigen, ganzen Hanfsamen hergestellt. Wenn Hanfsamen gesch\u00e4lt werden, f\u00e4llt das Hanfpulver als Nebenprodukt an.","robots":{"index":"index","follow":"follow","max-snippet":"max-snippet:-1","max-image-preview":"max-image-preview:large","max-video-preview":"max-video-preview:-1"},"canonical":"https:\/\/hemflake.eu\/de\/shop\/hanfpulver\/","og_locale":"de_DE","og_type":"article","og_title":"Hanfpulver - Hemflake","og_description":"Hanfpulver wird aus hochwertigen, ganzen Hanfsamen hergestellt. Wenn Hanfsamen gesch\u00e4lt werden, f\u00e4llt das Hanfpulver als Nebenprodukt an.","og_url":"https:\/\/hemflake.eu\/de\/shop\/hanfpulver\/","og_site_name":"Hemflake","article_modified_time":"2022-04-08T08:18:52+00:00","og_image":[{"width":1500,"height":1500,"url":"https:\/\/hemflake.eu\/wp-content\/uploads\/2021\/08\/woo__0008_hanf-fur-smoothies-2.jpg","type":"image\/jpeg"}],"twitter_card":"summary_large_image","schema":{"@context":"https:\/\/schema.org","@graph":[{"@type":"WebPage","@id":"https:\/\/hemflake.eu\/de\/shop\/hanfpulver\/","url":"https:\/\/hemflake.eu\/de\/shop\/hanfpulver\/","name":"Hanfpulver - Hemflake","isPartOf":{"@id":"https:\/\/hemflake.eu\/de\/#website"},"primaryImageOfPage":{"@id":"https:\/\/hemflake.eu\/de\/shop\/hanfpulver\/#primaryimage"},"image":{"@id":"https:\/\/hemflake.eu\/de\/shop\/hanfpulver\/#primaryimage"},"thumbnailUrl":"https:\/\/hemflake.eu\/wp-content\/uploads\/2021\/08\/woo__0008_hanf-fur-smoothies-2.jpg","datePublished":"2021-11-03T17:21:09+00:00","dateModified":"2022-04-08T08:18:52+00:00","description":"Hanfpulver wird aus hochwertigen, ganzen Hanfsamen hergestellt. Wenn Hanfsamen gesch\u00e4lt werden, f\u00e4llt das Hanfpulver als Nebenprodukt an.","breadcrumb":{"@id":"https:\/\/hemflake.eu\/de\/shop\/hanfpulver\/#breadcrumb"},"inLanguage":"de","potentialAction":[{"@type":"ReadAction","target":["https:\/\/hemflake.eu\/de\/shop\/hanfpulver\/"]}]},{"@type":"ImageObject","inLanguage":"de","@id":"https:\/\/hemflake.eu\/de\/shop\/hanfpulver\/#primaryimage","url":"https:\/\/hemflake.eu\/wp-content\/uploads\/2021\/08\/woo__0008_hanf-fur-smoothies-2.jpg","contentUrl":"https:\/\/hemflake.eu\/wp-content\/uploads\/2021\/08\/woo__0008_hanf-fur-smoothies-2.jpg","width":1500,"height":1500,"caption":"hanfpulver"},{"@type":"BreadcrumbList","@id":"https:\/\/hemflake.eu\/de\/shop\/hanfpulver\/#breadcrumb","itemListElement":[{"@type":"ListItem","position":1,"name":"Hemflake","item":"https:\/\/hemflake.eu\/de\/"},{"@type":"ListItem","position":2,"name":"Shop","item":"https:\/\/hemflake.eu\/de\/shop\/"},{"@type":"ListItem","position":3,"name":"Hanfpulver"}]},{"@type":"WebSite","@id":"https:\/\/hemflake.eu\/de\/#website","url":"https:\/\/hemflake.eu\/de\/","name":"Hemflake","description":"","publisher":{"@id":"https:\/\/hemflake.eu\/de\/#organization"},"potentialAction":[{"@type":"SearchAction","target":{"@type":"EntryPoint","urlTemplate":"https:\/\/hemflake.eu\/de\/?s={search_term_string}"},"query-input":{"@type":"PropertyValueSpecification","valueRequired":true,"valueName":"search_term_string"}}],"inLanguage":"de"},{"@type":"Organization","@id":"https:\/\/hemflake.eu\/de\/#organization","name":"Hemflake","url":"https:\/\/hemflake.eu\/de\/","logo":{"@type":"ImageObject","inLanguage":"de","@id":"https:\/\/hemflake.eu\/de\/#\/schema\/logo\/image\/","url":"https:\/\/hemflake.eu\/wp-content\/uploads\/2021\/08\/hemflake-headerlogo.png","contentUrl":"https:\/\/hemflake.eu\/wp-content\/uploads\/2021\/08\/hemflake-headerlogo.png","width":915,"height":229,"caption":"Hemflake"},"image":{"@id":"https:\/\/hemflake.eu\/de\/#\/schema\/logo\/image\/"}}]}},"_links":{"self":[{"href":"https:\/\/hemflake.eu\/de\/wp-json\/wp\/v2\/product\/651","targetHints":{"allow":["GET"]}}],"collection":[{"href":"https:\/\/hemflake.eu\/de\/wp-json\/wp\/v2\/product"}],"about":[{"href":"https:\/\/hemflake.eu\/de\/wp-json\/wp\/v2\/types\/product"}],"wp:featuredmedia":[{"embeddable":true,"href":"https:\/\/hemflake.eu\/de\/wp-json\/wp\/v2\/media\/720"}],"wp:attachment":[{"href":"https:\/\/hemflake.eu\/de\/wp-json\/wp\/v2\/media?parent=651"}],"wp:term":[{"taxonomy":"product_brand","embeddable":true,"href":"https:\/\/hemflake.eu\/de\/wp-json\/wp\/v2\/product_brand?post=651"},{"taxonomy":"product_cat","embeddable":true,"href":"https:\/\/hemflake.eu\/de\/wp-json\/wp\/v2\/product_cat?post=651"},{"taxonomy":"product_tag","embeddable":true,"href":"https:\/\/hemflake.eu\/de\/wp-json\/wp\/v2\/product_tag?post=651"}],"curies":[{"name":"wp","href":"https:\/\/api.w.org\/{rel}","templated":true}]}}