{"id":829,"date":"2021-12-22T08:29:29","date_gmt":"2021-12-22T06:29:29","guid":{"rendered":"https:\/\/hemflake.eu\/ettevottest\/"},"modified":"2022-04-08T11:30:39","modified_gmt":"2022-04-08T08:30:39","slug":"ettevottest","status":"publish","type":"page","link":"https:\/\/hemflake.eu\/et\/ettevottest\/","title":{"rendered":"Ettev\u00f5ttest"},"content":{"rendered":"\n<h2 class=\"wp-block-heading\"><strong>Mis on Hemflake?<\/strong><\/h2>\n\n\n\n<p><strong><em>Hemflake<\/em><\/strong> sai alguse v\u00e4ga lihtsast m\u00f5ttest, mis k\u00f5lab j\u00e4rgmiselt: \u201eHei, s\u00f5brad, me teeme s\u00f5na otseses m\u00f5ttes Euroopa parimaid kanepitooteid. Neid otse m\u00fc\u00fca oleks meie jaoks lihtsam ja tarbijate jaoks l\u00e4bipaistvam. Ehk j\u00e4taks k\u00f5ik vahendajad v\u00e4lja ja pakuks kvaliteetseid kanepitooteid otse klientidele?\u201c Ja t\u00e4pselt nii me tegimegi.&nbsp;<\/p>\n\n\n\n<h2 class=\"wp-block-heading\"><strong>Kas teie kanep on t\u00f5esti parim?<\/strong><\/h2>\n\n\n\n<p>L\u00fchidalt, jah. P\u00f5hjamaine kliima, puhas \u00f5hk ja rikkumata muld t\u00e4hendab, et meil on t\u00e4iuslik keskkond kasvatamaks \u201eFinola\u201c kanepisorti. Tegelikult kasvatame igal aastal enam kui 4000 hektarit s\u00f6\u00f6davat kanepit, seega j\u00e4tkub seda k\u00f5igile. Oleme kanepit kasvatanud \u00fcle 15 aasta ja meil on ka oma t\u00f6\u00f6tlemistehas. See t\u00e4hendab, et sinu taldrikule j\u00f5udnud toote eest on hoolt kandnud ei keegi muu kui meie.&nbsp;<\/p>\n\n\n\n<p>Aga \u00e4ra kuula vaid meie enda kiitusi. \u00dcks meie suurematest klientidest on \u00fcleilmne imikutoitude tootja HIPP, kellel on vaieldamatult maailma rangeimad kvaliteedi- ja toiduohutusstandardid. Samuti on meil ametlik &#8230;<\/p>\n\n\n\n<ul class=\"wp-block-list\"><li>mahep\u00f5llumajanduse sertifikaat (mis t\u00e4hendab, et me ei lisa oma toodetesse ega mulda tobedaid asju);<\/li><li>ISO-sertifikaat (mis t\u00e4hendab, et meie juhtimis- ja tootmisprotsess on korralikult dokumenteeritud);<\/li><li>vastavus HACCP-ga (mis t\u00e4hendab, et meil on toiduohutuse tagamiseks hulk mehhanisme).<\/li><\/ul>\n\n\n\n<h2 class=\"wp-block-heading\"><strong>Kuidas see kvaliteet saavutatakse?<\/strong><\/h2>\n\n\n\n<p>See on \u00fchtaegu lihtne ja keeruline. Oleme oma oskusi lihvinud paljude aastate jooksul, anal\u00fc\u00fcsinud kanepikasvatuse jaoks parimaid mulla- ja ilmastikutingimusi ning j\u00e4tnud oma saagi puutumata GMO-st, kahjulikest pestitsiididest ja muust vastikust.<\/p>\n\n\n\n<p>Seej\u00e4rel oli vaja ehitada kanepiseemnete t\u00f6\u00f6tlemiseks vajalikud masinad, et need saaksid t\u00f5eliselt s\u00e4rada. Meil on Euroopa suurim kanepiseemnete koorimistehas, mille 99,9% puhtusegarantii ei ole juhuslik. Samuti oleme kanepiseemne\u00f5li jaoks investeerinud \u00e4\u00e4rmiselt lahedasse k\u00fclmpressi, et \u00fckski kasulik toitaine ei l\u00e4heks kaotsi enne, kui pudel sinuni j\u00f5uab.<\/p>\n\n\n\n<h2 class=\"wp-block-heading\"><strong>Olgu, olen m\u00fc\u00fcdud! Kust ma teie tooteid leida v\u00f5in?<\/strong><\/h2>\n\n\n\n<p>Suurep\u00e4rane k\u00fcsimus! Liigu edasi meie <a href=\"https:\/\/hemflake.eu\/et\/pood\/\">toodete lehele<\/a>.<\/p>\n","protected":false},"excerpt":{"rendered":"<p>Mis on Hemflake? Hemflake sai alguse v\u00e4ga lihtsast m\u00f5ttest, mis k\u00f5lab j\u00e4rgmiselt: \u201eHei, s\u00f5brad, me teeme s\u00f5na otseses m\u00f5ttes Euroopa parimaid kanepitooteid. Neid otse m\u00fc\u00fca oleks meie jaoks lihtsam ja tarbijate jaoks l\u00e4bipaistvam. Ehk j\u00e4taks k\u00f5ik vahendajad v\u00e4lja ja pakuks kvaliteetseid kanepitooteid otse klientidele?\u201c Ja t\u00e4pselt nii me tegimegi.&nbsp; Kas teie kanep on t\u00f5esti parim?&#8230;<\/p>\n","protected":false},"author":2,"featured_media":0,"parent":0,"menu_order":0,"comment_status":"closed","ping_status":"closed","template":"","meta":{"_kad_post_transparent":"","_kad_post_title":"","_kad_post_layout":"narrow","_kad_post_sidebar_id":"","_kad_post_content_style":"","_kad_post_vertical_padding":"","_kad_post_feature":"","_kad_post_feature_position":"","_kad_post_header":false,"_kad_post_footer":false,"footnotes":""},"class_list":["post-829","page","type-page","status-publish","hentry"],"yoast_head":"<!-- This site is optimized with the Yoast SEO plugin v27.3 - https:\/\/yoast.com\/product\/yoast-seo-wordpress\/ -->\n<title>Ettev\u00f5ttest - Hemflake<\/title>\n<meta name=\"description\" content=\"\u00dcks meie klientidest on \u00fcleilmne imikutoitude tootja HIPP, kellel on vaieldamatult maailma rangeimad kvaliteedi- ja toiduohutusstandardid.\" \/>\n<meta name=\"robots\" content=\"index, follow, max-snippet:-1, max-image-preview:large, max-video-preview:-1\" \/>\n<link rel=\"canonical\" href=\"https:\/\/hemflake.eu\/et\/ettevottest\/\" \/>\n<meta property=\"og:locale\" content=\"et_EE\" \/>\n<meta property=\"og:type\" content=\"article\" \/>\n<meta property=\"og:title\" content=\"Ettev\u00f5ttest - Hemflake\" \/>\n<meta property=\"og:description\" content=\"\u00dcks meie klientidest on \u00fcleilmne imikutoitude tootja HIPP, kellel on vaieldamatult maailma rangeimad kvaliteedi- ja toiduohutusstandardid.\" \/>\n<meta property=\"og:url\" content=\"https:\/\/hemflake.eu\/et\/ettevottest\/\" \/>\n<meta property=\"og:site_name\" content=\"Hemflake\" \/>\n<meta property=\"article:modified_time\" content=\"2022-04-08T08:30:39+00:00\" \/>\n<meta name=\"twitter:card\" content=\"summary_large_image\" \/>\n<script type=\"application\/ld+json\" class=\"yoast-schema-graph\">{\"@context\":\"https:\\\/\\\/schema.org\",\"@graph\":[{\"@type\":\"WebPage\",\"@id\":\"https:\\\/\\\/hemflake.eu\\\/et\\\/ettevottest\\\/\",\"url\":\"https:\\\/\\\/hemflake.eu\\\/et\\\/ettevottest\\\/\",\"name\":\"Ettev\u00f5ttest - Hemflake\",\"isPartOf\":{\"@id\":\"https:\\\/\\\/hemflake.eu\\\/et\\\/#website\"},\"datePublished\":\"2021-12-22T06:29:29+00:00\",\"dateModified\":\"2022-04-08T08:30:39+00:00\",\"description\":\"\u00dcks meie klientidest on \u00fcleilmne imikutoitude tootja HIPP, kellel on vaieldamatult maailma rangeimad kvaliteedi- ja toiduohutusstandardid.\",\"breadcrumb\":{\"@id\":\"https:\\\/\\\/hemflake.eu\\\/et\\\/ettevottest\\\/#breadcrumb\"},\"inLanguage\":\"et\",\"potentialAction\":[{\"@type\":\"ReadAction\",\"target\":[\"https:\\\/\\\/hemflake.eu\\\/et\\\/ettevottest\\\/\"]}]},{\"@type\":\"BreadcrumbList\",\"@id\":\"https:\\\/\\\/hemflake.eu\\\/et\\\/ettevottest\\\/#breadcrumb\",\"itemListElement\":[{\"@type\":\"ListItem\",\"position\":1,\"name\":\"Hemflake\",\"item\":\"https:\\\/\\\/hemflake.eu\\\/et\\\/\"},{\"@type\":\"ListItem\",\"position\":2,\"name\":\"Ettev\u00f5ttest\"}]},{\"@type\":\"WebSite\",\"@id\":\"https:\\\/\\\/hemflake.eu\\\/et\\\/#website\",\"url\":\"https:\\\/\\\/hemflake.eu\\\/et\\\/\",\"name\":\"Hemflake\",\"description\":\"\",\"publisher\":{\"@id\":\"https:\\\/\\\/hemflake.eu\\\/et\\\/#organization\"},\"potentialAction\":[{\"@type\":\"SearchAction\",\"target\":{\"@type\":\"EntryPoint\",\"urlTemplate\":\"https:\\\/\\\/hemflake.eu\\\/et\\\/?s={search_term_string}\"},\"query-input\":{\"@type\":\"PropertyValueSpecification\",\"valueRequired\":true,\"valueName\":\"search_term_string\"}}],\"inLanguage\":\"et\"},{\"@type\":\"Organization\",\"@id\":\"https:\\\/\\\/hemflake.eu\\\/et\\\/#organization\",\"name\":\"Hemflake\",\"url\":\"https:\\\/\\\/hemflake.eu\\\/et\\\/\",\"logo\":{\"@type\":\"ImageObject\",\"inLanguage\":\"et\",\"@id\":\"https:\\\/\\\/hemflake.eu\\\/et\\\/#\\\/schema\\\/logo\\\/image\\\/\",\"url\":\"https:\\\/\\\/hemflake.eu\\\/wp-content\\\/uploads\\\/2021\\\/08\\\/hemflake-headerlogo.png\",\"contentUrl\":\"https:\\\/\\\/hemflake.eu\\\/wp-content\\\/uploads\\\/2021\\\/08\\\/hemflake-headerlogo.png\",\"width\":915,\"height\":229,\"caption\":\"Hemflake\"},\"image\":{\"@id\":\"https:\\\/\\\/hemflake.eu\\\/et\\\/#\\\/schema\\\/logo\\\/image\\\/\"}}]}<\/script>\n<!-- \/ Yoast SEO plugin. -->","yoast_head_json":{"title":"Ettev\u00f5ttest - Hemflake","description":"\u00dcks meie klientidest on \u00fcleilmne imikutoitude tootja HIPP, kellel on vaieldamatult maailma rangeimad kvaliteedi- ja toiduohutusstandardid.","robots":{"index":"index","follow":"follow","max-snippet":"max-snippet:-1","max-image-preview":"max-image-preview:large","max-video-preview":"max-video-preview:-1"},"canonical":"https:\/\/hemflake.eu\/et\/ettevottest\/","og_locale":"et_EE","og_type":"article","og_title":"Ettev\u00f5ttest - Hemflake","og_description":"\u00dcks meie klientidest on \u00fcleilmne imikutoitude tootja HIPP, kellel on vaieldamatult maailma rangeimad kvaliteedi- ja toiduohutusstandardid.","og_url":"https:\/\/hemflake.eu\/et\/ettevottest\/","og_site_name":"Hemflake","article_modified_time":"2022-04-08T08:30:39+00:00","twitter_card":"summary_large_image","schema":{"@context":"https:\/\/schema.org","@graph":[{"@type":"WebPage","@id":"https:\/\/hemflake.eu\/et\/ettevottest\/","url":"https:\/\/hemflake.eu\/et\/ettevottest\/","name":"Ettev\u00f5ttest - Hemflake","isPartOf":{"@id":"https:\/\/hemflake.eu\/et\/#website"},"datePublished":"2021-12-22T06:29:29+00:00","dateModified":"2022-04-08T08:30:39+00:00","description":"\u00dcks meie klientidest on \u00fcleilmne imikutoitude tootja HIPP, kellel on vaieldamatult maailma rangeimad kvaliteedi- ja toiduohutusstandardid.","breadcrumb":{"@id":"https:\/\/hemflake.eu\/et\/ettevottest\/#breadcrumb"},"inLanguage":"et","potentialAction":[{"@type":"ReadAction","target":["https:\/\/hemflake.eu\/et\/ettevottest\/"]}]},{"@type":"BreadcrumbList","@id":"https:\/\/hemflake.eu\/et\/ettevottest\/#breadcrumb","itemListElement":[{"@type":"ListItem","position":1,"name":"Hemflake","item":"https:\/\/hemflake.eu\/et\/"},{"@type":"ListItem","position":2,"name":"Ettev\u00f5ttest"}]},{"@type":"WebSite","@id":"https:\/\/hemflake.eu\/et\/#website","url":"https:\/\/hemflake.eu\/et\/","name":"Hemflake","description":"","publisher":{"@id":"https:\/\/hemflake.eu\/et\/#organization"},"potentialAction":[{"@type":"SearchAction","target":{"@type":"EntryPoint","urlTemplate":"https:\/\/hemflake.eu\/et\/?s={search_term_string}"},"query-input":{"@type":"PropertyValueSpecification","valueRequired":true,"valueName":"search_term_string"}}],"inLanguage":"et"},{"@type":"Organization","@id":"https:\/\/hemflake.eu\/et\/#organization","name":"Hemflake","url":"https:\/\/hemflake.eu\/et\/","logo":{"@type":"ImageObject","inLanguage":"et","@id":"https:\/\/hemflake.eu\/et\/#\/schema\/logo\/image\/","url":"https:\/\/hemflake.eu\/wp-content\/uploads\/2021\/08\/hemflake-headerlogo.png","contentUrl":"https:\/\/hemflake.eu\/wp-content\/uploads\/2021\/08\/hemflake-headerlogo.png","width":915,"height":229,"caption":"Hemflake"},"image":{"@id":"https:\/\/hemflake.eu\/et\/#\/schema\/logo\/image\/"}}]}},"_links":{"self":[{"href":"https:\/\/hemflake.eu\/et\/wp-json\/wp\/v2\/pages\/829","targetHints":{"allow":["GET"]}}],"collection":[{"href":"https:\/\/hemflake.eu\/et\/wp-json\/wp\/v2\/pages"}],"about":[{"href":"https:\/\/hemflake.eu\/et\/wp-json\/wp\/v2\/types\/page"}],"author":[{"embeddable":true,"href":"https:\/\/hemflake.eu\/et\/wp-json\/wp\/v2\/users\/2"}],"replies":[{"embeddable":true,"href":"https:\/\/hemflake.eu\/et\/wp-json\/wp\/v2\/comments?post=829"}],"version-history":[{"count":2,"href":"https:\/\/hemflake.eu\/et\/wp-json\/wp\/v2\/pages\/829\/revisions"}],"predecessor-version":[{"id":880,"href":"https:\/\/hemflake.eu\/et\/wp-json\/wp\/v2\/pages\/829\/revisions\/880"}],"wp:attachment":[{"href":"https:\/\/hemflake.eu\/et\/wp-json\/wp\/v2\/media?parent=829"}],"curies":[{"name":"wp","href":"https:\/\/api.w.org\/{rel}","templated":true}]}}