{"id":807,"date":"2021-10-06T14:43:35","date_gmt":"2021-12-22T06:29:28","guid":{"rendered":"https:\/\/hemflake.eu\/shop\/kanepiseemneoli\/"},"modified":"2023-09-07T11:04:06","modified_gmt":"2023-09-07T08:04:06","slug":"kanepiseemneoli","status":"publish","type":"product","link":"https:\/\/hemflake.eu\/et\/shop\/kanepiseemneoli\/","title":{"rendered":"Kanepi\u00f5li"},"content":{"rendered":"<p>Meie kanepi\u00f5li on valmistatud mahep\u00f5llumajanduslike kanepiseemnete k\u00fclmpressimise teel. \u00d5li toodetakse \u00fcksnes k\u00fclmpressimise teel, s\u00e4ilitades seel\u00e4bi k\u00f5ik toitev\u00e4\u00e4rtused: oomega-3-, oomega-6- ja oomega-9-rasvhapped ning muud vitamiinid. Kanepi\u00f5li v\u00f5ib kasutada toidu koostisosana, immuuns\u00fcsteemi ergutamiseks v\u00f5i naha raviks. Sellel on v\u00e4ga meeldiv p\u00e4hkline maitse, seega saab seda kasutada <a href=\"https:\/\/hemflake.eu\/et\/recipe\/\">salatite<\/a>, k\u00f6\u00f6giviljade, pitsa, hummuse v\u00f5i isegi j\u00e4\u00e4tise valmistamiseks, kuna see annab j\u00e4\u00e4tisele m\u00f5nusa p\u00e4hklimaitse. Kui sinu nahk on \u00e4rritunud v\u00f5i sellel on kuivad laigud, millele soovid kiiret leevendust, v\u00f5ib kanepi\u00f5li kasutada ka otse nahal. Selleks et s\u00e4ilitada kanepiseemne\u00f5li toitev\u00e4\u00e4rtus, tuleks seda kasutada k\u00fclmalt. Immuuns\u00fcsteemi tugevdamiseks v\u00f5ta \u00fcks lusikat\u00e4is p\u00e4evas, eelk\u00f5ige siis, kui sa ei tarbi eriti kala. K\u00f5ik meie tooted on mahep\u00f5llumajanduslikud ning on <strong>ainult<\/strong> meie <a href=\"https:\/\/nordichemp.ee\/et\/\">kasvatatud<\/a> ja t\u00f6\u00f6deldud, et tagada turu parim kvaliteet.<\/p>\n","protected":false},"excerpt":{"rendered":"<p>K\u00fclmpressitud kanepiseemne\u00f5li<\/p>\n<div class=\"\"><span class=\"\" style=\"font-family: Open Sans, sans-serif;\"><span class=\"\">Meie mahep\u00f5llumajanduslik kanepiseemne\u00f5li on:<\/span><\/span><\/div>\n<div class=\"\"><span class=\"\">\u2714\u00a0<\/span><span class=\"\" style=\"font-family: Open Sans, sans-serif;\"><span class=\"\">Oomega-3-rasvhapeterikas<\/span><\/span><\/div>\n<div class=\"\"><span class=\"\">\u2714<\/span><span class=\"\" style=\"font-family: Open Sans, sans-serif;\"><span class=\"\">\u00a0100% EL-i mahep\u00f5llumajandustoode<\/span><\/span><\/div>\n<div class=\"\"><span class=\"\">\u2714<\/span><span class=\"\" style=\"font-family: Open Sans, sans-serif;\"><span class=\"\"> Vegan<\/span><\/span><\/div>\n<div class=\"\"><span class=\"\">\u2714<\/span><span class=\"\" style=\"font-family: Open Sans, sans-serif;\"><span class=\"\"> Gluteenivaba<\/span><\/span><\/div>\n","protected":false},"featured_media":478,"template":"","meta":{"_kad_post_transparent":"default","_kad_post_title":"","_kad_post_layout":"default","_kad_post_sidebar_id":"","_kad_post_content_style":"default","_kad_post_vertical_padding":"default","_kad_post_feature":"","_kad_post_feature_position":"","_kad_post_header":false,"_kad_post_footer":false},"product_brand":[],"product_cat":[57],"product_tag":[],"class_list":{"0":"post-807","1":"product","2":"type-product","3":"status-publish","4":"has-post-thumbnail","6":"product_cat-kanep","8":"first","9":"outofstock","10":"taxable","11":"shipping-taxable","12":"purchasable","13":"product-type-simple","14":"entry","15":"content-bg","16":"loop-entry"},"yoast_head":"<!-- This site is optimized with the Yoast SEO plugin v27.3 - https:\/\/yoast.com\/product\/yoast-seo-wordpress\/ -->\n<title>Kanepi\u00f5li - Hemflake<\/title>\n<meta name=\"description\" content=\"Meie kanepi\u00f5li on valmistatud mahep\u00f5llumajanduslike kanepiseemnete k\u00fclmpressimise teel. Sisaldab rohkelt Omega 3 rasvhappeid.\" \/>\n<meta name=\"robots\" content=\"index, follow, max-snippet:-1, max-image-preview:large, max-video-preview:-1\" \/>\n<link rel=\"canonical\" href=\"https:\/\/hemflake.eu\/et\/shop\/kanepiseemneoli\/\" \/>\n<meta property=\"og:locale\" content=\"et_EE\" \/>\n<meta property=\"og:type\" content=\"article\" \/>\n<meta property=\"og:title\" content=\"Kanepi\u00f5li - Hemflake\" \/>\n<meta property=\"og:description\" content=\"Meie kanepi\u00f5li on valmistatud mahep\u00f5llumajanduslike kanepiseemnete k\u00fclmpressimise teel. Sisaldab rohkelt Omega 3 rasvhappeid.\" \/>\n<meta property=\"og:url\" content=\"https:\/\/hemflake.eu\/et\/shop\/kanepiseemneoli\/\" \/>\n<meta property=\"og:site_name\" content=\"Hemflake\" \/>\n<meta property=\"article:modified_time\" content=\"2023-09-07T08:04:06+00:00\" \/>\n<meta property=\"og:image\" content=\"https:\/\/hemflake.eu\/wp-content\/uploads\/2021\/10\/hemp-seed-oil.jpg\" \/>\n\t<meta property=\"og:image:width\" content=\"1200\" \/>\n\t<meta property=\"og:image:height\" content=\"1200\" \/>\n\t<meta property=\"og:image:type\" content=\"image\/jpeg\" \/>\n<meta name=\"twitter:card\" content=\"summary_large_image\" \/>\n<script type=\"application\/ld+json\" class=\"yoast-schema-graph\">{\"@context\":\"https:\\\/\\\/schema.org\",\"@graph\":[{\"@type\":\"WebPage\",\"@id\":\"https:\\\/\\\/hemflake.eu\\\/et\\\/shop\\\/kanepiseemneoli\\\/\",\"url\":\"https:\\\/\\\/hemflake.eu\\\/et\\\/shop\\\/kanepiseemneoli\\\/\",\"name\":\"Kanepi\u00f5li - Hemflake\",\"isPartOf\":{\"@id\":\"https:\\\/\\\/hemflake.eu\\\/et\\\/#website\"},\"primaryImageOfPage\":{\"@id\":\"https:\\\/\\\/hemflake.eu\\\/et\\\/shop\\\/kanepiseemneoli\\\/#primaryimage\"},\"image\":{\"@id\":\"https:\\\/\\\/hemflake.eu\\\/et\\\/shop\\\/kanepiseemneoli\\\/#primaryimage\"},\"thumbnailUrl\":\"https:\\\/\\\/hemflake.eu\\\/wp-content\\\/uploads\\\/2021\\\/10\\\/hemp-seed-oil.jpg\",\"datePublished\":\"2021-12-22T06:29:28+00:00\",\"dateModified\":\"2023-09-07T08:04:06+00:00\",\"description\":\"Meie kanepi\u00f5li on valmistatud mahep\u00f5llumajanduslike kanepiseemnete k\u00fclmpressimise teel. Sisaldab rohkelt Omega 3 rasvhappeid.\",\"breadcrumb\":{\"@id\":\"https:\\\/\\\/hemflake.eu\\\/et\\\/shop\\\/kanepiseemneoli\\\/#breadcrumb\"},\"inLanguage\":\"et\",\"potentialAction\":[{\"@type\":\"ReadAction\",\"target\":[\"https:\\\/\\\/hemflake.eu\\\/et\\\/shop\\\/kanepiseemneoli\\\/\"]}]},{\"@type\":\"ImageObject\",\"inLanguage\":\"et\",\"@id\":\"https:\\\/\\\/hemflake.eu\\\/et\\\/shop\\\/kanepiseemneoli\\\/#primaryimage\",\"url\":\"https:\\\/\\\/hemflake.eu\\\/wp-content\\\/uploads\\\/2021\\\/10\\\/hemp-seed-oil.jpg\",\"contentUrl\":\"https:\\\/\\\/hemflake.eu\\\/wp-content\\\/uploads\\\/2021\\\/10\\\/hemp-seed-oil.jpg\",\"width\":1200,\"height\":1200,\"caption\":\"Great to use hemp seed oil with salads.\"},{\"@type\":\"BreadcrumbList\",\"@id\":\"https:\\\/\\\/hemflake.eu\\\/et\\\/shop\\\/kanepiseemneoli\\\/#breadcrumb\",\"itemListElement\":[{\"@type\":\"ListItem\",\"position\":1,\"name\":\"Hemflake\",\"item\":\"https:\\\/\\\/hemflake.eu\\\/et\\\/\"},{\"@type\":\"ListItem\",\"position\":2,\"name\":\"E-pood\",\"item\":\"https:\\\/\\\/hemflake.eu\\\/et\\\/pood\\\/\"},{\"@type\":\"ListItem\",\"position\":3,\"name\":\"Kanepi\u00f5li\"}]},{\"@type\":\"WebSite\",\"@id\":\"https:\\\/\\\/hemflake.eu\\\/et\\\/#website\",\"url\":\"https:\\\/\\\/hemflake.eu\\\/et\\\/\",\"name\":\"Hemflake\",\"description\":\"\",\"publisher\":{\"@id\":\"https:\\\/\\\/hemflake.eu\\\/et\\\/#organization\"},\"potentialAction\":[{\"@type\":\"SearchAction\",\"target\":{\"@type\":\"EntryPoint\",\"urlTemplate\":\"https:\\\/\\\/hemflake.eu\\\/et\\\/?s={search_term_string}\"},\"query-input\":{\"@type\":\"PropertyValueSpecification\",\"valueRequired\":true,\"valueName\":\"search_term_string\"}}],\"inLanguage\":\"et\"},{\"@type\":\"Organization\",\"@id\":\"https:\\\/\\\/hemflake.eu\\\/et\\\/#organization\",\"name\":\"Hemflake\",\"url\":\"https:\\\/\\\/hemflake.eu\\\/et\\\/\",\"logo\":{\"@type\":\"ImageObject\",\"inLanguage\":\"et\",\"@id\":\"https:\\\/\\\/hemflake.eu\\\/et\\\/#\\\/schema\\\/logo\\\/image\\\/\",\"url\":\"https:\\\/\\\/hemflake.eu\\\/wp-content\\\/uploads\\\/2021\\\/08\\\/hemflake-headerlogo.png\",\"contentUrl\":\"https:\\\/\\\/hemflake.eu\\\/wp-content\\\/uploads\\\/2021\\\/08\\\/hemflake-headerlogo.png\",\"width\":915,\"height\":229,\"caption\":\"Hemflake\"},\"image\":{\"@id\":\"https:\\\/\\\/hemflake.eu\\\/et\\\/#\\\/schema\\\/logo\\\/image\\\/\"}}]}<\/script>\n<!-- \/ Yoast SEO plugin. -->","yoast_head_json":{"title":"Kanepi\u00f5li - Hemflake","description":"Meie kanepi\u00f5li on valmistatud mahep\u00f5llumajanduslike kanepiseemnete k\u00fclmpressimise teel. Sisaldab rohkelt Omega 3 rasvhappeid.","robots":{"index":"index","follow":"follow","max-snippet":"max-snippet:-1","max-image-preview":"max-image-preview:large","max-video-preview":"max-video-preview:-1"},"canonical":"https:\/\/hemflake.eu\/et\/shop\/kanepiseemneoli\/","og_locale":"et_EE","og_type":"article","og_title":"Kanepi\u00f5li - Hemflake","og_description":"Meie kanepi\u00f5li on valmistatud mahep\u00f5llumajanduslike kanepiseemnete k\u00fclmpressimise teel. Sisaldab rohkelt Omega 3 rasvhappeid.","og_url":"https:\/\/hemflake.eu\/et\/shop\/kanepiseemneoli\/","og_site_name":"Hemflake","article_modified_time":"2023-09-07T08:04:06+00:00","og_image":[{"width":1200,"height":1200,"url":"https:\/\/hemflake.eu\/wp-content\/uploads\/2021\/10\/hemp-seed-oil.jpg","type":"image\/jpeg"}],"twitter_card":"summary_large_image","schema":{"@context":"https:\/\/schema.org","@graph":[{"@type":"WebPage","@id":"https:\/\/hemflake.eu\/et\/shop\/kanepiseemneoli\/","url":"https:\/\/hemflake.eu\/et\/shop\/kanepiseemneoli\/","name":"Kanepi\u00f5li - Hemflake","isPartOf":{"@id":"https:\/\/hemflake.eu\/et\/#website"},"primaryImageOfPage":{"@id":"https:\/\/hemflake.eu\/et\/shop\/kanepiseemneoli\/#primaryimage"},"image":{"@id":"https:\/\/hemflake.eu\/et\/shop\/kanepiseemneoli\/#primaryimage"},"thumbnailUrl":"https:\/\/hemflake.eu\/wp-content\/uploads\/2021\/10\/hemp-seed-oil.jpg","datePublished":"2021-12-22T06:29:28+00:00","dateModified":"2023-09-07T08:04:06+00:00","description":"Meie kanepi\u00f5li on valmistatud mahep\u00f5llumajanduslike kanepiseemnete k\u00fclmpressimise teel. Sisaldab rohkelt Omega 3 rasvhappeid.","breadcrumb":{"@id":"https:\/\/hemflake.eu\/et\/shop\/kanepiseemneoli\/#breadcrumb"},"inLanguage":"et","potentialAction":[{"@type":"ReadAction","target":["https:\/\/hemflake.eu\/et\/shop\/kanepiseemneoli\/"]}]},{"@type":"ImageObject","inLanguage":"et","@id":"https:\/\/hemflake.eu\/et\/shop\/kanepiseemneoli\/#primaryimage","url":"https:\/\/hemflake.eu\/wp-content\/uploads\/2021\/10\/hemp-seed-oil.jpg","contentUrl":"https:\/\/hemflake.eu\/wp-content\/uploads\/2021\/10\/hemp-seed-oil.jpg","width":1200,"height":1200,"caption":"Great to use hemp seed oil with salads."},{"@type":"BreadcrumbList","@id":"https:\/\/hemflake.eu\/et\/shop\/kanepiseemneoli\/#breadcrumb","itemListElement":[{"@type":"ListItem","position":1,"name":"Hemflake","item":"https:\/\/hemflake.eu\/et\/"},{"@type":"ListItem","position":2,"name":"E-pood","item":"https:\/\/hemflake.eu\/et\/pood\/"},{"@type":"ListItem","position":3,"name":"Kanepi\u00f5li"}]},{"@type":"WebSite","@id":"https:\/\/hemflake.eu\/et\/#website","url":"https:\/\/hemflake.eu\/et\/","name":"Hemflake","description":"","publisher":{"@id":"https:\/\/hemflake.eu\/et\/#organization"},"potentialAction":[{"@type":"SearchAction","target":{"@type":"EntryPoint","urlTemplate":"https:\/\/hemflake.eu\/et\/?s={search_term_string}"},"query-input":{"@type":"PropertyValueSpecification","valueRequired":true,"valueName":"search_term_string"}}],"inLanguage":"et"},{"@type":"Organization","@id":"https:\/\/hemflake.eu\/et\/#organization","name":"Hemflake","url":"https:\/\/hemflake.eu\/et\/","logo":{"@type":"ImageObject","inLanguage":"et","@id":"https:\/\/hemflake.eu\/et\/#\/schema\/logo\/image\/","url":"https:\/\/hemflake.eu\/wp-content\/uploads\/2021\/08\/hemflake-headerlogo.png","contentUrl":"https:\/\/hemflake.eu\/wp-content\/uploads\/2021\/08\/hemflake-headerlogo.png","width":915,"height":229,"caption":"Hemflake"},"image":{"@id":"https:\/\/hemflake.eu\/et\/#\/schema\/logo\/image\/"}}]}},"_links":{"self":[{"href":"https:\/\/hemflake.eu\/et\/wp-json\/wp\/v2\/product\/807","targetHints":{"allow":["GET"]}}],"collection":[{"href":"https:\/\/hemflake.eu\/et\/wp-json\/wp\/v2\/product"}],"about":[{"href":"https:\/\/hemflake.eu\/et\/wp-json\/wp\/v2\/types\/product"}],"wp:featuredmedia":[{"embeddable":true,"href":"https:\/\/hemflake.eu\/et\/wp-json\/wp\/v2\/media\/478"}],"wp:attachment":[{"href":"https:\/\/hemflake.eu\/et\/wp-json\/wp\/v2\/media?parent=807"}],"wp:term":[{"taxonomy":"product_brand","embeddable":true,"href":"https:\/\/hemflake.eu\/et\/wp-json\/wp\/v2\/product_brand?post=807"},{"taxonomy":"product_cat","embeddable":true,"href":"https:\/\/hemflake.eu\/et\/wp-json\/wp\/v2\/product_cat?post=807"},{"taxonomy":"product_tag","embeddable":true,"href":"https:\/\/hemflake.eu\/et\/wp-json\/wp\/v2\/product_tag?post=807"}],"curies":[{"name":"wp","href":"https:\/\/api.w.org\/{rel}","templated":true}]}}