{"id":812,"date":"2021-08-04T21:22:44","date_gmt":"2021-12-22T06:29:28","guid":{"rendered":"https:\/\/hemflake.eu\/shop\/smuuti-kanep-kooritud-kanepiseemned\/"},"modified":"2022-04-08T11:22:05","modified_gmt":"2022-04-08T08:22:05","slug":"smuuti-kanepi-seemnete-komplekt","status":"publish","type":"product","link":"https:\/\/hemflake.eu\/et\/shop\/smuuti-kanepi-seemnete-komplekt\/","title":{"rendered":"Smuuti kanep + kooritud kanepiseemned"},"content":{"rendered":"<div class=\"\"><span class=\"\">Smuuti kanep on valmistatud tervetest kvaliteetsetest kanepiseemnetest. Smuuti kanep on tegelikult koorimise k\u00f5rvalsaadus, mille k\u00e4igus eraldatakse kest kanepiseemnest. Oleme v\u00f5tnud \u00fclesandeks toota nii j\u00e4\u00e4tmevabalt kui v\u00f5imalik ja avastasime, et smuuti kanep on suurep\u00e4rane eraldiseisev toode. Kui tahad, et sinu s\u00fcdametunnistus oleks sama puhas kui meie p\u00f5hjamaine p\u00f5llumaa ja \u00f5hk, ning s\u00fc\u00fca tervislikult, siis smuuti kanep on sulle loodud!<\/span><\/div>\n<div class=\"\"><span class=\"\" style=\"font-family: Open Sans, sans-serif;\"><span class=\"\">\u00a0<\/span><\/span><\/div>\n<div class=\"\"><span class=\"\">Smuuti kanep ei sisalda allergeene ning on tervislik toidulisand, milles on palju taimeproteiini ja aminohappeid. See on tervisliku toitumise jaoks suurep\u00e4rane toode. Lisaks smuutidele v\u00f5ib seda lisada ka salatitesse ja putrudesse. Meie tooraine on mahep\u00f5llumajanduslik. Kooritud kanepiseemned on ilma kestata kanepiseemned. Need sisaldavad k\u00f5iki k\u00fcmmet asendamatut aminohapet, mis annavad sinu kehale tervisliku t\u00f5uke. Need pole \u00fcksnes \u00e4\u00e4rmiselt toitvad ega pakata tervislikest (ehk k\u00fcllastamata) rasvadest, proteiinist ja mineraalidest, vaid lisavad sinu toidule ka meeldiva p\u00e4hkli maitse ja tekstuuri. Kui sulged silmad, v\u00f5id tunda v\u00e4rsket p\u00f5hjamaist \u00f5hku, mida hingasid ka meie kooritud kanepiseemned.<\/span><\/div>\n","protected":false},"excerpt":{"rendered":"<div class=\"\">\n<p>Smuuti kanep ei sisalda allergeene ning on tervislik toidulisand, milles on palju taimeproteiini ja aminohappeid. See on tervisliku toitumise jaoks suurep\u00e4rane toode. Lisaks smuutidele v\u00f5ib seda lisada ka salatitesse ja putrudesse. Kooritud kanepiseemned on ilma kestata kanepiseemned. Need sisaldavad k\u00f5iki k\u00fcmmet asendamatut aminohapet, mis annavad sinu kehale tervisliku t\u00f5uke. Need pole \u00fcksnes \u00e4\u00e4rmiselt toitvad ega pakata tervislikest (ehk k\u00fcllastamata) rasvadest, proteiinist ja mineraalidest, vaid lisavad sinu toidule ka meeldiva p\u00e4hkli maitse ja tekstuuri. Kui sulged silmad, v\u00f5id tunda v\u00e4rsket p\u00f5hjamaist \u00f5hku, mida hingasid ka meie kooritud kanepiseemned. M\u00f5lemad tooted on:<\/p>\n<\/div>\n<div>\n<div class=\"\"><span class=\"\">\u2714<\/span><span class=\"\" style=\"font-family: Open Sans, sans-serif;\"><span class=\"\"> Taimeproteiinirikkad<\/span><\/span><\/div>\n<div class=\"\"><span class=\"\">\u2714<\/span><span class=\"\">\u00a0Kiudainerikkad<\/span><\/div>\n<div class=\"\"><span class=\"\">\u2714<\/span><span class=\"\">\u00a0100% EL-i mahep\u00f5llumajandustooted<\/span><\/div>\n<div class=\"\"><span class=\"\">\u2714<\/span><span class=\"\" style=\"font-family: Open Sans, sans-serif;\"><span class=\"\"> Vegan<\/span><\/span><\/div>\n<div class=\"\"><span class=\"\">\u2714<\/span><span class=\"\" style=\"font-family: Open Sans, sans-serif;\"><span class=\"\"> Gluteenivaba \u2714 Allergeenivaba<\/span><\/span><\/div>\n<\/div>\n","protected":false},"featured_media":727,"template":"","meta":{"_kad_post_transparent":"default","_kad_post_title":"","_kad_post_layout":"default","_kad_post_sidebar_id":"","_kad_post_content_style":"default","_kad_post_vertical_padding":"default","_kad_post_feature":"","_kad_post_feature_position":"","_kad_post_header":false,"_kad_post_footer":false},"product_brand":[],"product_cat":[57],"product_tag":[],"class_list":{"0":"post-812","1":"product","2":"type-product","3":"status-publish","4":"has-post-thumbnail","6":"product_cat-kanep","8":"first","9":"outofstock","10":"sale","11":"taxable","12":"shipping-taxable","13":"purchasable","14":"product-type-simple","15":"entry","16":"content-bg","17":"loop-entry"},"yoast_head":"<!-- This site is optimized with the Yoast SEO plugin v27.3 - https:\/\/yoast.com\/product\/yoast-seo-wordpress\/ -->\n<title>Smuuti kanep + kooritud kanepiseemned - Hemflake<\/title>\n<meta name=\"description\" content=\"Kui tahad, et sinu s\u00fcdametunnistus oleks sama puhas kui meie p\u00f5hjamaine p\u00f5llumaa ja \u00f5hk, ning s\u00fc\u00fca tervislikult, siis smuuti kanep on sulle loodud!\" \/>\n<meta name=\"robots\" content=\"index, follow, max-snippet:-1, max-image-preview:large, max-video-preview:-1\" \/>\n<link rel=\"canonical\" href=\"https:\/\/hemflake.eu\/et\/shop\/smuuti-kanepi-seemnete-komplekt\/\" \/>\n<meta property=\"og:locale\" content=\"et_EE\" \/>\n<meta property=\"og:type\" content=\"article\" \/>\n<meta property=\"og:title\" content=\"Smuuti kanep + kooritud kanepiseemned - Hemflake\" \/>\n<meta property=\"og:description\" content=\"Kui tahad, et sinu s\u00fcdametunnistus oleks sama puhas kui meie p\u00f5hjamaine p\u00f5llumaa ja \u00f5hk, ning s\u00fc\u00fca tervislikult, siis smuuti kanep on sulle loodud!\" \/>\n<meta property=\"og:url\" content=\"https:\/\/hemflake.eu\/et\/shop\/smuuti-kanepi-seemnete-komplekt\/\" \/>\n<meta property=\"og:site_name\" content=\"Hemflake\" \/>\n<meta property=\"article:modified_time\" content=\"2022-04-08T08:22:05+00:00\" \/>\n<meta property=\"og:image\" content=\"https:\/\/hemflake.eu\/wp-content\/uploads\/2021\/08\/smuuti-seemned-kombo.jpg\" \/>\n\t<meta property=\"og:image:width\" content=\"1500\" \/>\n\t<meta property=\"og:image:height\" content=\"1500\" \/>\n\t<meta property=\"og:image:type\" content=\"image\/jpeg\" \/>\n<meta name=\"twitter:card\" content=\"summary_large_image\" \/>\n<script type=\"application\/ld+json\" class=\"yoast-schema-graph\">{\"@context\":\"https:\\\/\\\/schema.org\",\"@graph\":[{\"@type\":\"WebPage\",\"@id\":\"https:\\\/\\\/hemflake.eu\\\/et\\\/shop\\\/smuuti-kanepi-seemnete-komplekt\\\/\",\"url\":\"https:\\\/\\\/hemflake.eu\\\/et\\\/shop\\\/smuuti-kanepi-seemnete-komplekt\\\/\",\"name\":\"Smuuti kanep + kooritud kanepiseemned - Hemflake\",\"isPartOf\":{\"@id\":\"https:\\\/\\\/hemflake.eu\\\/et\\\/#website\"},\"primaryImageOfPage\":{\"@id\":\"https:\\\/\\\/hemflake.eu\\\/et\\\/shop\\\/smuuti-kanepi-seemnete-komplekt\\\/#primaryimage\"},\"image\":{\"@id\":\"https:\\\/\\\/hemflake.eu\\\/et\\\/shop\\\/smuuti-kanepi-seemnete-komplekt\\\/#primaryimage\"},\"thumbnailUrl\":\"https:\\\/\\\/hemflake.eu\\\/wp-content\\\/uploads\\\/2021\\\/08\\\/smuuti-seemned-kombo.jpg\",\"datePublished\":\"2021-12-22T06:29:28+00:00\",\"dateModified\":\"2022-04-08T08:22:05+00:00\",\"description\":\"Kui tahad, et sinu s\u00fcdametunnistus oleks sama puhas kui meie p\u00f5hjamaine p\u00f5llumaa ja \u00f5hk, ning s\u00fc\u00fca tervislikult, siis smuuti kanep on sulle loodud!\",\"breadcrumb\":{\"@id\":\"https:\\\/\\\/hemflake.eu\\\/et\\\/shop\\\/smuuti-kanepi-seemnete-komplekt\\\/#breadcrumb\"},\"inLanguage\":\"et\",\"potentialAction\":[{\"@type\":\"ReadAction\",\"target\":[\"https:\\\/\\\/hemflake.eu\\\/et\\\/shop\\\/smuuti-kanepi-seemnete-komplekt\\\/\"]}]},{\"@type\":\"ImageObject\",\"inLanguage\":\"et\",\"@id\":\"https:\\\/\\\/hemflake.eu\\\/et\\\/shop\\\/smuuti-kanepi-seemnete-komplekt\\\/#primaryimage\",\"url\":\"https:\\\/\\\/hemflake.eu\\\/wp-content\\\/uploads\\\/2021\\\/08\\\/smuuti-seemned-kombo.jpg\",\"contentUrl\":\"https:\\\/\\\/hemflake.eu\\\/wp-content\\\/uploads\\\/2021\\\/08\\\/smuuti-seemned-kombo.jpg\",\"width\":1500,\"height\":1500},{\"@type\":\"BreadcrumbList\",\"@id\":\"https:\\\/\\\/hemflake.eu\\\/et\\\/shop\\\/smuuti-kanepi-seemnete-komplekt\\\/#breadcrumb\",\"itemListElement\":[{\"@type\":\"ListItem\",\"position\":1,\"name\":\"Hemflake\",\"item\":\"https:\\\/\\\/hemflake.eu\\\/et\\\/\"},{\"@type\":\"ListItem\",\"position\":2,\"name\":\"E-pood\",\"item\":\"https:\\\/\\\/hemflake.eu\\\/et\\\/pood\\\/\"},{\"@type\":\"ListItem\",\"position\":3,\"name\":\"Smuuti kanep + kooritud kanepiseemned\"}]},{\"@type\":\"WebSite\",\"@id\":\"https:\\\/\\\/hemflake.eu\\\/et\\\/#website\",\"url\":\"https:\\\/\\\/hemflake.eu\\\/et\\\/\",\"name\":\"Hemflake\",\"description\":\"\",\"publisher\":{\"@id\":\"https:\\\/\\\/hemflake.eu\\\/et\\\/#organization\"},\"potentialAction\":[{\"@type\":\"SearchAction\",\"target\":{\"@type\":\"EntryPoint\",\"urlTemplate\":\"https:\\\/\\\/hemflake.eu\\\/et\\\/?s={search_term_string}\"},\"query-input\":{\"@type\":\"PropertyValueSpecification\",\"valueRequired\":true,\"valueName\":\"search_term_string\"}}],\"inLanguage\":\"et\"},{\"@type\":\"Organization\",\"@id\":\"https:\\\/\\\/hemflake.eu\\\/et\\\/#organization\",\"name\":\"Hemflake\",\"url\":\"https:\\\/\\\/hemflake.eu\\\/et\\\/\",\"logo\":{\"@type\":\"ImageObject\",\"inLanguage\":\"et\",\"@id\":\"https:\\\/\\\/hemflake.eu\\\/et\\\/#\\\/schema\\\/logo\\\/image\\\/\",\"url\":\"https:\\\/\\\/hemflake.eu\\\/wp-content\\\/uploads\\\/2021\\\/08\\\/hemflake-headerlogo.png\",\"contentUrl\":\"https:\\\/\\\/hemflake.eu\\\/wp-content\\\/uploads\\\/2021\\\/08\\\/hemflake-headerlogo.png\",\"width\":915,\"height\":229,\"caption\":\"Hemflake\"},\"image\":{\"@id\":\"https:\\\/\\\/hemflake.eu\\\/et\\\/#\\\/schema\\\/logo\\\/image\\\/\"}}]}<\/script>\n<!-- \/ Yoast SEO plugin. -->","yoast_head_json":{"title":"Smuuti kanep + kooritud kanepiseemned - Hemflake","description":"Kui tahad, et sinu s\u00fcdametunnistus oleks sama puhas kui meie p\u00f5hjamaine p\u00f5llumaa ja \u00f5hk, ning s\u00fc\u00fca tervislikult, siis smuuti kanep on sulle loodud!","robots":{"index":"index","follow":"follow","max-snippet":"max-snippet:-1","max-image-preview":"max-image-preview:large","max-video-preview":"max-video-preview:-1"},"canonical":"https:\/\/hemflake.eu\/et\/shop\/smuuti-kanepi-seemnete-komplekt\/","og_locale":"et_EE","og_type":"article","og_title":"Smuuti kanep + kooritud kanepiseemned - Hemflake","og_description":"Kui tahad, et sinu s\u00fcdametunnistus oleks sama puhas kui meie p\u00f5hjamaine p\u00f5llumaa ja \u00f5hk, ning s\u00fc\u00fca tervislikult, siis smuuti kanep on sulle loodud!","og_url":"https:\/\/hemflake.eu\/et\/shop\/smuuti-kanepi-seemnete-komplekt\/","og_site_name":"Hemflake","article_modified_time":"2022-04-08T08:22:05+00:00","og_image":[{"width":1500,"height":1500,"url":"https:\/\/hemflake.eu\/wp-content\/uploads\/2021\/08\/smuuti-seemned-kombo.jpg","type":"image\/jpeg"}],"twitter_card":"summary_large_image","schema":{"@context":"https:\/\/schema.org","@graph":[{"@type":"WebPage","@id":"https:\/\/hemflake.eu\/et\/shop\/smuuti-kanepi-seemnete-komplekt\/","url":"https:\/\/hemflake.eu\/et\/shop\/smuuti-kanepi-seemnete-komplekt\/","name":"Smuuti kanep + kooritud kanepiseemned - Hemflake","isPartOf":{"@id":"https:\/\/hemflake.eu\/et\/#website"},"primaryImageOfPage":{"@id":"https:\/\/hemflake.eu\/et\/shop\/smuuti-kanepi-seemnete-komplekt\/#primaryimage"},"image":{"@id":"https:\/\/hemflake.eu\/et\/shop\/smuuti-kanepi-seemnete-komplekt\/#primaryimage"},"thumbnailUrl":"https:\/\/hemflake.eu\/wp-content\/uploads\/2021\/08\/smuuti-seemned-kombo.jpg","datePublished":"2021-12-22T06:29:28+00:00","dateModified":"2022-04-08T08:22:05+00:00","description":"Kui tahad, et sinu s\u00fcdametunnistus oleks sama puhas kui meie p\u00f5hjamaine p\u00f5llumaa ja \u00f5hk, ning s\u00fc\u00fca tervislikult, siis smuuti kanep on sulle loodud!","breadcrumb":{"@id":"https:\/\/hemflake.eu\/et\/shop\/smuuti-kanepi-seemnete-komplekt\/#breadcrumb"},"inLanguage":"et","potentialAction":[{"@type":"ReadAction","target":["https:\/\/hemflake.eu\/et\/shop\/smuuti-kanepi-seemnete-komplekt\/"]}]},{"@type":"ImageObject","inLanguage":"et","@id":"https:\/\/hemflake.eu\/et\/shop\/smuuti-kanepi-seemnete-komplekt\/#primaryimage","url":"https:\/\/hemflake.eu\/wp-content\/uploads\/2021\/08\/smuuti-seemned-kombo.jpg","contentUrl":"https:\/\/hemflake.eu\/wp-content\/uploads\/2021\/08\/smuuti-seemned-kombo.jpg","width":1500,"height":1500},{"@type":"BreadcrumbList","@id":"https:\/\/hemflake.eu\/et\/shop\/smuuti-kanepi-seemnete-komplekt\/#breadcrumb","itemListElement":[{"@type":"ListItem","position":1,"name":"Hemflake","item":"https:\/\/hemflake.eu\/et\/"},{"@type":"ListItem","position":2,"name":"E-pood","item":"https:\/\/hemflake.eu\/et\/pood\/"},{"@type":"ListItem","position":3,"name":"Smuuti kanep + kooritud kanepiseemned"}]},{"@type":"WebSite","@id":"https:\/\/hemflake.eu\/et\/#website","url":"https:\/\/hemflake.eu\/et\/","name":"Hemflake","description":"","publisher":{"@id":"https:\/\/hemflake.eu\/et\/#organization"},"potentialAction":[{"@type":"SearchAction","target":{"@type":"EntryPoint","urlTemplate":"https:\/\/hemflake.eu\/et\/?s={search_term_string}"},"query-input":{"@type":"PropertyValueSpecification","valueRequired":true,"valueName":"search_term_string"}}],"inLanguage":"et"},{"@type":"Organization","@id":"https:\/\/hemflake.eu\/et\/#organization","name":"Hemflake","url":"https:\/\/hemflake.eu\/et\/","logo":{"@type":"ImageObject","inLanguage":"et","@id":"https:\/\/hemflake.eu\/et\/#\/schema\/logo\/image\/","url":"https:\/\/hemflake.eu\/wp-content\/uploads\/2021\/08\/hemflake-headerlogo.png","contentUrl":"https:\/\/hemflake.eu\/wp-content\/uploads\/2021\/08\/hemflake-headerlogo.png","width":915,"height":229,"caption":"Hemflake"},"image":{"@id":"https:\/\/hemflake.eu\/et\/#\/schema\/logo\/image\/"}}]}},"_links":{"self":[{"href":"https:\/\/hemflake.eu\/et\/wp-json\/wp\/v2\/product\/812","targetHints":{"allow":["GET"]}}],"collection":[{"href":"https:\/\/hemflake.eu\/et\/wp-json\/wp\/v2\/product"}],"about":[{"href":"https:\/\/hemflake.eu\/et\/wp-json\/wp\/v2\/types\/product"}],"wp:featuredmedia":[{"embeddable":true,"href":"https:\/\/hemflake.eu\/et\/wp-json\/wp\/v2\/media\/727"}],"wp:attachment":[{"href":"https:\/\/hemflake.eu\/et\/wp-json\/wp\/v2\/media?parent=812"}],"wp:term":[{"taxonomy":"product_brand","embeddable":true,"href":"https:\/\/hemflake.eu\/et\/wp-json\/wp\/v2\/product_brand?post=812"},{"taxonomy":"product_cat","embeddable":true,"href":"https:\/\/hemflake.eu\/et\/wp-json\/wp\/v2\/product_cat?post=812"},{"taxonomy":"product_tag","embeddable":true,"href":"https:\/\/hemflake.eu\/et\/wp-json\/wp\/v2\/product_tag?post=812"}],"curies":[{"name":"wp","href":"https:\/\/api.w.org\/{rel}","templated":true}]}}