{"id":813,"date":"2021-08-04T21:21:38","date_gmt":"2021-12-22T06:29:29","guid":{"rendered":"https:\/\/hemflake.eu\/shop\/kooritud-kanepiseemned\/"},"modified":"2022-04-08T11:25:50","modified_gmt":"2022-04-08T08:25:50","slug":"kooritud-kanepiseemned","status":"publish","type":"product","link":"https:\/\/hemflake.eu\/et\/shop\/kooritud-kanepiseemned\/","title":{"rendered":"Kooritud kanepiseemned"},"content":{"rendered":"<p><span style=\"font-weight: 400;\">Kooritud kanepiseemned on ilma kestata <a href=\"https:\/\/orgestprotein.eu\/et\/product\/taistera-kanepiseeme\/\">kanepiseemned<\/a>. Need sisaldavad k\u00f5iki k\u00fcmmet asendamatut aminohapet, mis annavad sinu kehale tervisliku t\u00f5uke. Need pole \u00fcksnes \u00e4\u00e4rmiselt toitvad ega pakata tervislikest (ehk k\u00fcllastamata) rasvadest, proteiinist ja mineraalidest, vaid lisavad sinu toidule ka meeldiva p\u00e4hkli maitse ja tekstuuri. Kui sulged silmad, v\u00f5id tunda v\u00e4rsket p\u00f5hjamaist \u00f5hku, mida hingasid ka meie kooritud kanepiseemned.<\/span><\/p>\n<h2>Kuidas kooritud kanepiseemneid kasutada?<\/h2>\n<p><span style=\"font-weight: 400;\">Noh, me ei m\u00f5istaks sind hukka, kui sa neid otse pakist s\u00f6\u00f6ksid. On v\u00f5imalik, et m\u00f5ni meie meeskonnaliikmetest on popkorni ja kartulikr\u00f5psud m\u00f5nusa portsjoni kooritud kanepiseemnete vastu vahetanud. Neil on isu\u00e4ratav p\u00e4hkline maitse, kuid on 100% allergeeni- ja gluteenivabad.\u00a0<\/span> <span style=\"font-weight: 400;\">Tegelikult on kooritud kanepiseemned v\u00e4ga mitmek\u00fclgsed. V\u00f5id neid salatile raputada, <a href=\"https:\/\/hemflake.eu\/et\/recipe\/\">m\u00fcslisse<\/a> ja smuutidesse segada &#8230; Oeh, me peaksime t\u00f5esti siin veebilehel toidublogi alustama.<\/span><\/p>\n<h2>Otse puhtaimast p\u00f5hjamaisest mullast<\/h2>\n<p>T\u00e4iuslik kliima kestliku kanepitootmise jaoks, sajanditepikkune p\u00f5llumajanduskogemus ja maailma puhtaim muld \u2013 see on taevalik kooslus. Me lubame, et erinevus on maitsest tunda.<\/p>\n","protected":false},"excerpt":{"rendered":"<div class=\"\"><span class=\"\">\u2714\u00a0<\/span><span class=\"\" style=\"font-family: Open Sans, sans-serif;\"><span class=\"\">Rikkalikult taimeproteiini (34,03 g)<\/span><\/span><\/div>\n<div class=\"\"><span class=\"\">\u2714<\/span><span class=\"\" style=\"font-family: Open Sans, sans-serif;\"><span class=\"\">\u00a0100% EL-i mahep\u00f5llumajandustoode<\/span><\/span><\/div>\n<div class=\"\"><span class=\"\">\u2714<\/span><span class=\"\" style=\"font-family: Open Sans, sans-serif;\"><span class=\"\"> Vegan<\/span><\/span><\/div>\n<div class=\"\"><span class=\"\">\u2714<\/span><span class=\"\" style=\"font-family: Open Sans, sans-serif;\"><span class=\"\"> Gluteenivaba<\/span><\/span><\/div>\n<div><span class=\"\">\u2714<\/span><span class=\"\" style=\"font-family: Open Sans, sans-serif;\"><span class=\"\"> Allergeenivaba<\/span><\/span><\/div>\n<div><span class=\"\">\u2714<\/span><span class=\"\" style=\"font-family: Open Sans, sans-serif;\"><span class=\"\"> Supertoit<\/span><\/span><\/div>\n<div><\/div>\n","protected":false},"featured_media":814,"template":"","meta":{"_kad_post_transparent":"default","_kad_post_title":"","_kad_post_layout":"default","_kad_post_sidebar_id":"","_kad_post_content_style":"default","_kad_post_vertical_padding":"default","_kad_post_feature":"","_kad_post_feature_position":"","_kad_post_header":false,"_kad_post_footer":false},"product_brand":[],"product_cat":[57],"product_tag":[],"class_list":{"0":"post-813","1":"product","2":"type-product","3":"status-publish","4":"has-post-thumbnail","6":"product_cat-kanep","8":"first","9":"outofstock","10":"taxable","11":"shipping-taxable","12":"purchasable","13":"product-type-simple","14":"entry","15":"content-bg","16":"loop-entry"},"yoast_head":"<!-- This site is optimized with the Yoast SEO plugin v27.3 - https:\/\/yoast.com\/product\/yoast-seo-wordpress\/ -->\n<title>Kooritud kanepiseemned - Hemflake<\/title>\n<meta name=\"description\" content=\"kooritud kanepiseemned v\u00e4ga mitmek\u00fclgsed. Neil on isu\u00e4ratav p\u00e4hkline maitse, kuid on 100% allergeeni- ja gluteenivabad.\" \/>\n<meta name=\"robots\" content=\"index, follow, max-snippet:-1, max-image-preview:large, max-video-preview:-1\" \/>\n<link rel=\"canonical\" href=\"https:\/\/hemflake.eu\/et\/shop\/kooritud-kanepiseemned\/\" \/>\n<meta property=\"og:locale\" content=\"et_EE\" \/>\n<meta property=\"og:type\" content=\"article\" \/>\n<meta property=\"og:title\" content=\"Kooritud kanepiseemned - Hemflake\" \/>\n<meta property=\"og:description\" content=\"kooritud kanepiseemned v\u00e4ga mitmek\u00fclgsed. Neil on isu\u00e4ratav p\u00e4hkline maitse, kuid on 100% allergeeni- ja gluteenivabad.\" \/>\n<meta property=\"og:url\" content=\"https:\/\/hemflake.eu\/et\/shop\/kooritud-kanepiseemned\/\" \/>\n<meta property=\"og:site_name\" content=\"Hemflake\" \/>\n<meta property=\"article:modified_time\" content=\"2022-04-08T08:25:50+00:00\" \/>\n<meta property=\"og:image\" content=\"https:\/\/hemflake.eu\/wp-content\/uploads\/2021\/08\/kooritud-kanepiseemned.jpg\" \/>\n\t<meta property=\"og:image:width\" content=\"1500\" \/>\n\t<meta property=\"og:image:height\" content=\"1500\" \/>\n\t<meta property=\"og:image:type\" content=\"image\/jpeg\" \/>\n<meta name=\"twitter:card\" content=\"summary_large_image\" \/>\n<script type=\"application\/ld+json\" class=\"yoast-schema-graph\">{\"@context\":\"https:\\\/\\\/schema.org\",\"@graph\":[{\"@type\":\"WebPage\",\"@id\":\"https:\\\/\\\/hemflake.eu\\\/et\\\/shop\\\/kooritud-kanepiseemned\\\/\",\"url\":\"https:\\\/\\\/hemflake.eu\\\/et\\\/shop\\\/kooritud-kanepiseemned\\\/\",\"name\":\"Kooritud kanepiseemned - Hemflake\",\"isPartOf\":{\"@id\":\"https:\\\/\\\/hemflake.eu\\\/et\\\/#website\"},\"primaryImageOfPage\":{\"@id\":\"https:\\\/\\\/hemflake.eu\\\/et\\\/shop\\\/kooritud-kanepiseemned\\\/#primaryimage\"},\"image\":{\"@id\":\"https:\\\/\\\/hemflake.eu\\\/et\\\/shop\\\/kooritud-kanepiseemned\\\/#primaryimage\"},\"thumbnailUrl\":\"https:\\\/\\\/hemflake.eu\\\/wp-content\\\/uploads\\\/2021\\\/08\\\/kooritud-kanepiseemned.jpg\",\"datePublished\":\"2021-12-22T06:29:29+00:00\",\"dateModified\":\"2022-04-08T08:25:50+00:00\",\"description\":\"kooritud kanepiseemned v\u00e4ga mitmek\u00fclgsed. Neil on isu\u00e4ratav p\u00e4hkline maitse, kuid on 100% allergeeni- ja gluteenivabad.\",\"breadcrumb\":{\"@id\":\"https:\\\/\\\/hemflake.eu\\\/et\\\/shop\\\/kooritud-kanepiseemned\\\/#breadcrumb\"},\"inLanguage\":\"et\",\"potentialAction\":[{\"@type\":\"ReadAction\",\"target\":[\"https:\\\/\\\/hemflake.eu\\\/et\\\/shop\\\/kooritud-kanepiseemned\\\/\"]}]},{\"@type\":\"ImageObject\",\"inLanguage\":\"et\",\"@id\":\"https:\\\/\\\/hemflake.eu\\\/et\\\/shop\\\/kooritud-kanepiseemned\\\/#primaryimage\",\"url\":\"https:\\\/\\\/hemflake.eu\\\/wp-content\\\/uploads\\\/2021\\\/08\\\/kooritud-kanepiseemned.jpg\",\"contentUrl\":\"https:\\\/\\\/hemflake.eu\\\/wp-content\\\/uploads\\\/2021\\\/08\\\/kooritud-kanepiseemned.jpg\",\"width\":1500,\"height\":1500,\"caption\":\"Use hemp hearts in salads\"},{\"@type\":\"BreadcrumbList\",\"@id\":\"https:\\\/\\\/hemflake.eu\\\/et\\\/shop\\\/kooritud-kanepiseemned\\\/#breadcrumb\",\"itemListElement\":[{\"@type\":\"ListItem\",\"position\":1,\"name\":\"Hemflake\",\"item\":\"https:\\\/\\\/hemflake.eu\\\/et\\\/\"},{\"@type\":\"ListItem\",\"position\":2,\"name\":\"E-pood\",\"item\":\"https:\\\/\\\/hemflake.eu\\\/et\\\/pood\\\/\"},{\"@type\":\"ListItem\",\"position\":3,\"name\":\"Kooritud kanepiseemned\"}]},{\"@type\":\"WebSite\",\"@id\":\"https:\\\/\\\/hemflake.eu\\\/et\\\/#website\",\"url\":\"https:\\\/\\\/hemflake.eu\\\/et\\\/\",\"name\":\"Hemflake\",\"description\":\"\",\"publisher\":{\"@id\":\"https:\\\/\\\/hemflake.eu\\\/et\\\/#organization\"},\"potentialAction\":[{\"@type\":\"SearchAction\",\"target\":{\"@type\":\"EntryPoint\",\"urlTemplate\":\"https:\\\/\\\/hemflake.eu\\\/et\\\/?s={search_term_string}\"},\"query-input\":{\"@type\":\"PropertyValueSpecification\",\"valueRequired\":true,\"valueName\":\"search_term_string\"}}],\"inLanguage\":\"et\"},{\"@type\":\"Organization\",\"@id\":\"https:\\\/\\\/hemflake.eu\\\/et\\\/#organization\",\"name\":\"Hemflake\",\"url\":\"https:\\\/\\\/hemflake.eu\\\/et\\\/\",\"logo\":{\"@type\":\"ImageObject\",\"inLanguage\":\"et\",\"@id\":\"https:\\\/\\\/hemflake.eu\\\/et\\\/#\\\/schema\\\/logo\\\/image\\\/\",\"url\":\"https:\\\/\\\/hemflake.eu\\\/wp-content\\\/uploads\\\/2021\\\/08\\\/hemflake-headerlogo.png\",\"contentUrl\":\"https:\\\/\\\/hemflake.eu\\\/wp-content\\\/uploads\\\/2021\\\/08\\\/hemflake-headerlogo.png\",\"width\":915,\"height\":229,\"caption\":\"Hemflake\"},\"image\":{\"@id\":\"https:\\\/\\\/hemflake.eu\\\/et\\\/#\\\/schema\\\/logo\\\/image\\\/\"}}]}<\/script>\n<!-- \/ Yoast SEO plugin. -->","yoast_head_json":{"title":"Kooritud kanepiseemned - Hemflake","description":"kooritud kanepiseemned v\u00e4ga mitmek\u00fclgsed. Neil on isu\u00e4ratav p\u00e4hkline maitse, kuid on 100% allergeeni- ja gluteenivabad.","robots":{"index":"index","follow":"follow","max-snippet":"max-snippet:-1","max-image-preview":"max-image-preview:large","max-video-preview":"max-video-preview:-1"},"canonical":"https:\/\/hemflake.eu\/et\/shop\/kooritud-kanepiseemned\/","og_locale":"et_EE","og_type":"article","og_title":"Kooritud kanepiseemned - Hemflake","og_description":"kooritud kanepiseemned v\u00e4ga mitmek\u00fclgsed. Neil on isu\u00e4ratav p\u00e4hkline maitse, kuid on 100% allergeeni- ja gluteenivabad.","og_url":"https:\/\/hemflake.eu\/et\/shop\/kooritud-kanepiseemned\/","og_site_name":"Hemflake","article_modified_time":"2022-04-08T08:25:50+00:00","og_image":[{"width":1500,"height":1500,"url":"https:\/\/hemflake.eu\/wp-content\/uploads\/2021\/08\/kooritud-kanepiseemned.jpg","type":"image\/jpeg"}],"twitter_card":"summary_large_image","schema":{"@context":"https:\/\/schema.org","@graph":[{"@type":"WebPage","@id":"https:\/\/hemflake.eu\/et\/shop\/kooritud-kanepiseemned\/","url":"https:\/\/hemflake.eu\/et\/shop\/kooritud-kanepiseemned\/","name":"Kooritud kanepiseemned - Hemflake","isPartOf":{"@id":"https:\/\/hemflake.eu\/et\/#website"},"primaryImageOfPage":{"@id":"https:\/\/hemflake.eu\/et\/shop\/kooritud-kanepiseemned\/#primaryimage"},"image":{"@id":"https:\/\/hemflake.eu\/et\/shop\/kooritud-kanepiseemned\/#primaryimage"},"thumbnailUrl":"https:\/\/hemflake.eu\/wp-content\/uploads\/2021\/08\/kooritud-kanepiseemned.jpg","datePublished":"2021-12-22T06:29:29+00:00","dateModified":"2022-04-08T08:25:50+00:00","description":"kooritud kanepiseemned v\u00e4ga mitmek\u00fclgsed. Neil on isu\u00e4ratav p\u00e4hkline maitse, kuid on 100% allergeeni- ja gluteenivabad.","breadcrumb":{"@id":"https:\/\/hemflake.eu\/et\/shop\/kooritud-kanepiseemned\/#breadcrumb"},"inLanguage":"et","potentialAction":[{"@type":"ReadAction","target":["https:\/\/hemflake.eu\/et\/shop\/kooritud-kanepiseemned\/"]}]},{"@type":"ImageObject","inLanguage":"et","@id":"https:\/\/hemflake.eu\/et\/shop\/kooritud-kanepiseemned\/#primaryimage","url":"https:\/\/hemflake.eu\/wp-content\/uploads\/2021\/08\/kooritud-kanepiseemned.jpg","contentUrl":"https:\/\/hemflake.eu\/wp-content\/uploads\/2021\/08\/kooritud-kanepiseemned.jpg","width":1500,"height":1500,"caption":"Use hemp hearts in salads"},{"@type":"BreadcrumbList","@id":"https:\/\/hemflake.eu\/et\/shop\/kooritud-kanepiseemned\/#breadcrumb","itemListElement":[{"@type":"ListItem","position":1,"name":"Hemflake","item":"https:\/\/hemflake.eu\/et\/"},{"@type":"ListItem","position":2,"name":"E-pood","item":"https:\/\/hemflake.eu\/et\/pood\/"},{"@type":"ListItem","position":3,"name":"Kooritud kanepiseemned"}]},{"@type":"WebSite","@id":"https:\/\/hemflake.eu\/et\/#website","url":"https:\/\/hemflake.eu\/et\/","name":"Hemflake","description":"","publisher":{"@id":"https:\/\/hemflake.eu\/et\/#organization"},"potentialAction":[{"@type":"SearchAction","target":{"@type":"EntryPoint","urlTemplate":"https:\/\/hemflake.eu\/et\/?s={search_term_string}"},"query-input":{"@type":"PropertyValueSpecification","valueRequired":true,"valueName":"search_term_string"}}],"inLanguage":"et"},{"@type":"Organization","@id":"https:\/\/hemflake.eu\/et\/#organization","name":"Hemflake","url":"https:\/\/hemflake.eu\/et\/","logo":{"@type":"ImageObject","inLanguage":"et","@id":"https:\/\/hemflake.eu\/et\/#\/schema\/logo\/image\/","url":"https:\/\/hemflake.eu\/wp-content\/uploads\/2021\/08\/hemflake-headerlogo.png","contentUrl":"https:\/\/hemflake.eu\/wp-content\/uploads\/2021\/08\/hemflake-headerlogo.png","width":915,"height":229,"caption":"Hemflake"},"image":{"@id":"https:\/\/hemflake.eu\/et\/#\/schema\/logo\/image\/"}}]}},"_links":{"self":[{"href":"https:\/\/hemflake.eu\/et\/wp-json\/wp\/v2\/product\/813","targetHints":{"allow":["GET"]}}],"collection":[{"href":"https:\/\/hemflake.eu\/et\/wp-json\/wp\/v2\/product"}],"about":[{"href":"https:\/\/hemflake.eu\/et\/wp-json\/wp\/v2\/types\/product"}],"wp:featuredmedia":[{"embeddable":true,"href":"https:\/\/hemflake.eu\/et\/wp-json\/wp\/v2\/media\/814"}],"wp:attachment":[{"href":"https:\/\/hemflake.eu\/et\/wp-json\/wp\/v2\/media?parent=813"}],"wp:term":[{"taxonomy":"product_brand","embeddable":true,"href":"https:\/\/hemflake.eu\/et\/wp-json\/wp\/v2\/product_brand?post=813"},{"taxonomy":"product_cat","embeddable":true,"href":"https:\/\/hemflake.eu\/et\/wp-json\/wp\/v2\/product_cat?post=813"},{"taxonomy":"product_tag","embeddable":true,"href":"https:\/\/hemflake.eu\/et\/wp-json\/wp\/v2\/product_tag?post=813"}],"curies":[{"name":"wp","href":"https:\/\/api.w.org\/{rel}","templated":true}]}}